{"id":143,"date":"2017-06-14T15:04:09","date_gmt":"2017-06-14T13:04:09","guid":{"rendered":"http:\/\/bikerstammtisch\/?page_id=143"},"modified":"2017-06-14T15:04:09","modified_gmt":"2017-06-14T13:04:09","slug":"medien","status":"publish","type":"page","link":"https:\/\/bikerstammtisch-kiebitzreihe.de\/?page_id=143","title":{"rendered":"Medien"},"content":{"rendered":"<p>Hier sammeln wir, Zeitungsartikel und Bilder von Veranstaltungen.<\/p>\n","protected":false},"excerpt":{"rendered":"<p>Hier sammeln wir, Zeitungsartikel und Bilder von Veranstaltungen.<\/p>\n","protected":false},"author":1,"featured_media":0,"parent":0,"menu_order":0,"comment_status":"open","ping_status":"closed","template":"","meta":{"ngg_post_thumbnail":0,"jetpack_post_was_ever_published":false,"footnotes":""},"categories":[],"tags":[],"class_list":["post-143","page","type-page","status-publish","hentry"],"aioseo_notices":[],"jetpack_shortlink":"https:\/\/wp.me\/P8QhLS-2j","jetpack-related-posts":[{"id":146,"url":"https:\/\/bikerstammtisch-kiebitzreihe.de\/?page_id=146","url_meta":{"origin":143,"position":0},"title":"Pressemitteilungen","author":"Helge","date":"14. Juni 2017","format":false,"excerpt":"Hier sammeln wir undsere Artikel aus den Medien.","rel":"","context":"\u00c4hnlicher Beitrag","block_context":{"text":"\u00c4hnlicher Beitrag","link":""},"img":{"alt_text":"","src":"","width":0,"height":0},"classes":[]},{"id":452,"url":"https:\/\/bikerstammtisch-kiebitzreihe.de\/?page_id=452","url_meta":{"origin":143,"position":1},"title":"WhatsApp &#8211; Gruppen","author":"Helge","date":"25. Juni 2017","format":false,"excerpt":"Die Whatsappgruppe \"Bikerstammtisch\" ist euch ja vielleicht bekannt. Im laufe der Zeit, sind einige von euch in die Gruppe gegangen und auch wieder verschwunden. Vielen von euch waren es einfach zu viele Funposts, welche nichts mit dem Stammtisch oder gar mit Motorrad fahren zu tun haben. Vielleicht k\u00f6nnen wir das\u2026","rel":"","context":"\u00c4hnlicher Beitrag","block_context":{"text":"\u00c4hnlicher Beitrag","link":""},"img":{"alt_text":"","src":"","width":0,"height":0},"classes":[]},{"id":4308,"url":"https:\/\/bikerstammtisch-kiebitzreihe.de\/?page_id=4308","url_meta":{"origin":143,"position":2},"title":"Pressemitteilungen","author":"Helge","date":"26. April 2019","format":false,"excerpt":"Hier sammeln wir unsere Artikel aus den Medien.","rel":"","context":"In &quot;MoGo 2019&quot;","block_context":{"text":"MoGo 2019","link":"https:\/\/bikerstammtisch-kiebitzreihe.de\/?cat=327"},"img":{"alt_text":"","src":"","width":0,"height":0},"classes":[]},{"id":2014,"url":"https:\/\/bikerstammtisch-kiebitzreihe.de\/?page_id=2014","url_meta":{"origin":143,"position":3},"title":"Bilder von Ausfahrten 2017","author":"Helge","date":"3. Juli 2017","format":false,"excerpt":"Ausfahrt 30.07.2017 Weserberglandtour 2017 Tourbericht Fr. 7.7.2017\u00a0Tourbericht Sa. 8.7.2017 Tour 2.07.17\u00a0- Bericht \u00a0","rel":"","context":"\u00c4hnlicher Beitrag","block_context":{"text":"\u00c4hnlicher Beitrag","link":""},"img":{"alt_text":"","src":"","width":0,"height":0},"classes":[]},{"id":281,"url":"https:\/\/bikerstammtisch-kiebitzreihe.de\/?page_id=281","url_meta":{"origin":143,"position":4},"title":"Datenschutzerkl\u00e4rung","author":"Helge","date":"15. Juni 2017","format":false,"excerpt":"Datenschutzerkl\u00e4rung \u00a0 Diese Datenschutzerkl\u00e4rung kl\u00e4rt Sie \u00fcber die Art, den Umfang und Zweck der Verarbeitung von personenbezogenen Daten (nachfolgend kurz \u201eDaten\u201c) innerhalb unseres Onlineangebotes und der mit ihm verbundenen Webseiten, Funktionen und Inhalte sowie externen Onlinepr\u00e4senzen, wie z.B. unser Social Media Profile auf (nachfolgend gemeinsam bezeichnet als \u201eOnlineangebot\u201c). Im Hinblick\u2026","rel":"","context":"\u00c4hnlicher Beitrag","block_context":{"text":"\u00c4hnlicher Beitrag","link":""},"img":{"alt_text":"","src":"","width":0,"height":0},"classes":[]},{"id":244,"url":"https:\/\/bikerstammtisch-kiebitzreihe.de\/?page_id=244","url_meta":{"origin":143,"position":5},"title":"Galerie: Meine Maschine und ich","author":"Helge","date":"15. Juni 2017","format":false,"excerpt":"","rel":"","context":"\u00c4hnlicher Beitrag","block_context":{"text":"\u00c4hnlicher Beitrag","link":""},"img":{"alt_text":"","src":"https:\/\/i0.wp.com\/bikerstammtisch-kiebitzreihe.de\/wp-content\/uploads\/2017\/06\/DSC00243-1.jpg?resize=350%2C200","width":350,"height":200},"classes":[]}],"jetpack_likes_enabled":true,"jetpack_sharing_enabled":true,"_links":{"self":[{"href":"https:\/\/bikerstammtisch-kiebitzreihe.de\/index.php?rest_route=\/wp\/v2\/pages\/143","targetHints":{"allow":["GET"]}}],"collection":[{"href":"https:\/\/bikerstammtisch-kiebitzreihe.de\/index.php?rest_route=\/wp\/v2\/pages"}],"about":[{"href":"https:\/\/bikerstammtisch-kiebitzreihe.de\/index.php?rest_route=\/wp\/v2\/types\/page"}],"author":[{"embeddable":true,"href":"https:\/\/bikerstammtisch-kiebitzreihe.de\/index.php?rest_route=\/wp\/v2\/users\/1"}],"replies":[{"embeddable":true,"href":"https:\/\/bikerstammtisch-kiebitzreihe.de\/index.php?rest_route=%2Fwp%2Fv2%2Fcomments&post=143"}],"version-history":[{"count":1,"href":"https:\/\/bikerstammtisch-kiebitzreihe.de\/index.php?rest_route=\/wp\/v2\/pages\/143\/revisions"}],"predecessor-version":[{"id":145,"href":"https:\/\/bikerstammtisch-kiebitzreihe.de\/index.php?rest_route=\/wp\/v2\/pages\/143\/revisions\/145"}],"wp:attachment":[{"href":"https:\/\/bikerstammtisch-kiebitzreihe.de\/index.php?rest_route=%2Fwp%2Fv2%2Fmedia&parent=143"}],"wp:term":[{"taxonomy":"category","embeddable":true,"href":"https:\/\/bikerstammtisch-kiebitzreihe.de\/index.php?rest_route=%2Fwp%2Fv2%2Fcategories&post=143"},{"taxonomy":"post_tag","embeddable":true,"href":"https:\/\/bikerstammtisch-kiebitzreihe.de\/index.php?rest_route=%2Fwp%2Fv2%2Ftags&post=143"}],"curies":[{"name":"wp","href":"https:\/\/api.w.org\/{rel}","templated":true}]}}