{"id":177,"date":"2017-06-14T16:31:44","date_gmt":"2017-06-14T14:31:44","guid":{"rendered":"http:\/\/bikerstammtisch\/?page_id=177"},"modified":"2019-03-08T13:23:03","modified_gmt":"2019-03-08T12:23:03","slug":"mitgliederliste","status":"publish","type":"page","link":"https:\/\/bikerstammtisch-kiebitzreihe.de\/?page_id=177","title":{"rendered":"Mitgliederliste"},"content":{"rendered":"","protected":true},"excerpt":{"rendered":"","protected":true},"author":1,"featured_media":0,"parent":40,"menu_order":0,"comment_status":"closed","ping_status":"closed","template":"","meta":{"ngg_post_thumbnail":0,"jetpack_post_was_ever_published":false,"footnotes":""},"categories":[],"tags":[],"class_list":["post-177","page","type-page","status-publish","post-password-required","hentry"],"aioseo_notices":[],"jetpack_shortlink":"https:\/\/wp.me\/P8QhLS-2R","jetpack-related-posts":[{"id":281,"url":"https:\/\/bikerstammtisch-kiebitzreihe.de\/?page_id=281","url_meta":{"origin":177,"position":0},"title":"Datenschutzerkl\u00e4rung","author":"Helge","date":"15. Juni 2017","format":false,"excerpt":"Datenschutzerkl\u00e4rung \u00a0 Diese Datenschutzerkl\u00e4rung kl\u00e4rt Sie \u00fcber die Art, den Umfang und Zweck der Verarbeitung von personenbezogenen Daten (nachfolgend kurz \u201eDaten\u201c) innerhalb unseres Onlineangebotes und der mit ihm verbundenen Webseiten, Funktionen und Inhalte sowie externen Onlinepr\u00e4senzen, wie z.B. unser Social Media Profile auf (nachfolgend gemeinsam bezeichnet als \u201eOnlineangebot\u201c). Im Hinblick\u2026","rel":"","context":"\u00c4hnlicher Beitrag","block_context":{"text":"\u00c4hnlicher Beitrag","link":""},"img":{"alt_text":"","src":"","width":0,"height":0},"classes":[]},{"id":2,"url":"https:\/\/bikerstammtisch-kiebitzreihe.de\/?page_id=2","url_meta":{"origin":177,"position":1},"title":"Impressum","author":"Helge","date":"13. Juni 2017","format":false,"excerpt":"H. B. (aus Datenschutzgr\u00fcnden wurde der Name und die Adresse entfernt) E-Mail: TheHaegar(AT)gmx.de Disclaimer \u2013 rechtliche Hinweise \u00a7 1 Warnhinweis zu Inhalten Die kostenlosen und frei zug\u00e4nglichen Inhalte dieser Webseite wurden mit gr\u00f6\u00dftm\u00f6glicher Sorgfalt erstellt. Der Anbieter dieser Webseite \u00fcbernimmt jedoch keine Gew\u00e4hr f\u00fcr die Richtigkeit und Aktualit\u00e4t der bereitgestellten\u2026","rel":"","context":"\u00c4hnlicher Beitrag","block_context":{"text":"\u00c4hnlicher Beitrag","link":""},"img":{"alt_text":"","src":"","width":0,"height":0},"classes":[]},{"id":2233,"url":"https:\/\/bikerstammtisch-kiebitzreihe.de\/?page_id=2233","url_meta":{"origin":177,"position":2},"title":"\u00dcber uns","author":"Helge","date":"12. Juli 2017","format":false,"excerpt":"Wie Ihr der Chronik entnehmen k\u00f6nnt, ist die Idee vom Bikerstammtisch 2004 entstanden. Wir sind kein Verein, es gibt keinen Mitgliederbeitrag, keine Geb\u00fchren und auch keine Verpflichtungen. Ja, was gibt es denn dann \u00fcberhaupt? Die Mitglieder bestehen aus Bikerprofis, Gelegenheitsfahrern und nicht mehr aktiven Fahrern. Von 30 - 80 Jahre\u2026","rel":"","context":"Mit 3 Kommentaren","block_context":{"text":"Mit 3 Kommentaren","link":"https:\/\/bikerstammtisch-kiebitzreihe.de\/?page_id=2233#comments"},"img":{"alt_text":"","src":"","width":0,"height":0},"classes":[]},{"id":452,"url":"https:\/\/bikerstammtisch-kiebitzreihe.de\/?page_id=452","url_meta":{"origin":177,"position":3},"title":"WhatsApp &#8211; Gruppen","author":"Helge","date":"25. Juni 2017","format":false,"excerpt":"Die Whatsappgruppe \"Bikerstammtisch\" ist euch ja vielleicht bekannt. Im laufe der Zeit, sind einige von euch in die Gruppe gegangen und auch wieder verschwunden. Vielen von euch waren es einfach zu viele Funposts, welche nichts mit dem Stammtisch oder gar mit Motorrad fahren zu tun haben. Vielleicht k\u00f6nnen wir das\u2026","rel":"","context":"\u00c4hnlicher Beitrag","block_context":{"text":"\u00c4hnlicher Beitrag","link":""},"img":{"alt_text":"","src":"","width":0,"height":0},"classes":[]},{"id":340,"url":"https:\/\/bikerstammtisch-kiebitzreihe.de\/?page_id=340","url_meta":{"origin":177,"position":4},"title":"Linksammlung","author":"Helge","date":"17. Juni 2017","format":false,"excerpt":"Hier pr\u00e4sentieren wir euch Ausflugsziele, Unterk\u00fcnfte, L\u00e4den usw. welche irgendwann schon mal irgendwie im Zusammenhang mit dem Bikerstammtisch standen. Bitte kommentiert die Seite, wenn ihr etwas aufgenommen haben wollt. Unterk\u00fcnfte Das Gutshaus Bikerwirt-Harz Landgasthaus \"Zur Linde\" Hessenm\u00fchle Znaimer Hof Landgasthof \"Zum Jossgrund\" Ausflugsziele Klimahaus Bremerhaven Deutsches Auswandererhaus L\u00e4den Motorradteile Jens\u2026","rel":"","context":"Mit 4 Kommentaren","block_context":{"text":"Mit 4 Kommentaren","link":"https:\/\/bikerstammtisch-kiebitzreihe.de\/?page_id=340#comments"},"img":{"alt_text":"","src":"","width":0,"height":0},"classes":[]},{"id":2748,"url":"https:\/\/bikerstammtisch-kiebitzreihe.de\/?page_id=2748","url_meta":{"origin":177,"position":5},"title":"Teilnahmeliste Harz 2018","author":"Helge","date":"3. Oktober 2017","format":false,"excerpt":"Hier k\u00f6nnt Ihr sehen, wer sich f\u00fcr die Tour in den Harz 2018 mit wieviel Teilnehmern angemeldet hat. Viel wichtiger ist allerdings, das Ihr euch beim Hotel, selbst, angemeldet habt. Nat\u00fcrlich ist es gut, f\u00fcr uns diese \u00dcbersicht zu haben und ich w\u00fcrde Euch bitten, hier auch Eure Teilnahme mitzuteilen.\u2026","rel":"","context":"In &quot;Ausfahrten&quot;","block_context":{"text":"Ausfahrten","link":"https:\/\/bikerstammtisch-kiebitzreihe.de\/?cat=21"},"img":{"alt_text":"","src":"","width":0,"height":0},"classes":[]}],"jetpack_likes_enabled":true,"jetpack_sharing_enabled":true,"_links":{"self":[{"href":"https:\/\/bikerstammtisch-kiebitzreihe.de\/index.php?rest_route=\/wp\/v2\/pages\/177","targetHints":{"allow":["GET"]}}],"collection":[{"href":"https:\/\/bikerstammtisch-kiebitzreihe.de\/index.php?rest_route=\/wp\/v2\/pages"}],"about":[{"href":"https:\/\/bikerstammtisch-kiebitzreihe.de\/index.php?rest_route=\/wp\/v2\/types\/page"}],"author":[{"embeddable":true,"href":"https:\/\/bikerstammtisch-kiebitzreihe.de\/index.php?rest_route=\/wp\/v2\/users\/1"}],"replies":[{"embeddable":true,"href":"https:\/\/bikerstammtisch-kiebitzreihe.de\/index.php?rest_route=%2Fwp%2Fv2%2Fcomments&post=177"}],"version-history":[{"count":14,"href":"https:\/\/bikerstammtisch-kiebitzreihe.de\/index.php?rest_route=\/wp\/v2\/pages\/177\/revisions"}],"predecessor-version":[{"id":4236,"href":"https:\/\/bikerstammtisch-kiebitzreihe.de\/index.php?rest_route=\/wp\/v2\/pages\/177\/revisions\/4236"}],"up":[{"embeddable":true,"href":"https:\/\/bikerstammtisch-kiebitzreihe.de\/index.php?rest_route=\/wp\/v2\/pages\/40"}],"wp:attachment":[{"href":"https:\/\/bikerstammtisch-kiebitzreihe.de\/index.php?rest_route=%2Fwp%2Fv2%2Fmedia&parent=177"}],"wp:term":[{"taxonomy":"category","embeddable":true,"href":"https:\/\/bikerstammtisch-kiebitzreihe.de\/index.php?rest_route=%2Fwp%2Fv2%2Fcategories&post=177"},{"taxonomy":"post_tag","embeddable":true,"href":"https:\/\/bikerstammtisch-kiebitzreihe.de\/index.php?rest_route=%2Fwp%2Fv2%2Ftags&post=177"}],"curies":[{"name":"wp","href":"https:\/\/api.w.org\/{rel}","templated":true}]}}