{"id":1943,"date":"2017-06-30T22:46:53","date_gmt":"2017-06-30T20:46:53","guid":{"rendered":"http:\/\/bikerstammtisch-kiebitzreihe.de\/?page_id=1943"},"modified":"2019-03-08T13:32:05","modified_gmt":"2019-03-08T12:32:05","slug":"meine-buchungen","status":"publish","type":"page","link":"https:\/\/bikerstammtisch-kiebitzreihe.de\/?page_id=1943","title":{"rendered":"Meine Buchungen"},"content":{"rendered":"<p>[eme_mybookings order=&#8221;event_name ASC&#8221; template_id=2 template_id_header=1 template_id_footer=3 future=1]<\/p>\n","protected":false},"excerpt":{"rendered":"<p>[eme_mybookings order=&#8221;event_name ASC&#8221; template_id=2 template_id_header=1 template_id_footer=3 future=1]<\/p>\n","protected":false},"author":1,"featured_media":0,"parent":21,"menu_order":0,"comment_status":"closed","ping_status":"closed","template":"","meta":{"ngg_post_thumbnail":0,"jetpack_post_was_ever_published":false,"footnotes":""},"categories":[],"tags":[],"class_list":["post-1943","page","type-page","status-publish","hentry"],"aioseo_notices":[],"jetpack_shortlink":"https:\/\/wp.me\/P8QhLS-vl","jetpack-related-posts":[{"id":1959,"url":"https:\/\/bikerstammtisch-kiebitzreihe.de\/?page_id=1959","url_meta":{"origin":1943,"position":0},"title":"Teilnahme\u00fcbersicht","author":"Helge","date":"1. Juli 2017","format":false,"excerpt":"[eme_events paging=1 limit=5 showperiod=monthly order= ASC template_id=5 template_id_header=4 template_id_footer=6]","rel":"","context":"\u00c4hnlicher Beitrag","block_context":{"text":"\u00c4hnlicher Beitrag","link":""},"img":{"alt_text":"","src":"","width":0,"height":0},"classes":[]},{"id":2773,"url":"https:\/\/bikerstammtisch-kiebitzreihe.de\/?page_id=2773","url_meta":{"origin":1943,"position":1},"title":"Gr\u00fcnkohlessen","author":"Helge","date":"6. Oktober 2017","format":false,"excerpt":"Hier k\u00f6nnt Ihr sehen, wer sich f\u00fcr das Gr\u00fcnkohlessen\u00a0 angemeldet hat. Am 18.11. wird diese Liste als feste Zusage angesehen. [eme_bookings id=29 template_id=8 template_id_header=9 template_id_footer=10]","rel":"","context":"In &quot;Veranstaltung&quot;","block_context":{"text":"Veranstaltung","link":"https:\/\/bikerstammtisch-kiebitzreihe.de\/?cat=61"},"img":{"alt_text":"","src":"","width":0,"height":0},"classes":[]},{"id":3905,"url":"https:\/\/bikerstammtisch-kiebitzreihe.de\/?page_id=3905","url_meta":{"origin":1943,"position":2},"title":"Teilnahmeliste Sauerland 2019","author":"Helge","date":"9. Dezember 2018","format":false,"excerpt":"Hier k\u00f6nnt Ihr sehen, wer sich f\u00fcr die Tour in das Sauerland 2019 mit wieviel Teilnehmern angemeldet hat. Viel wichtiger ist allerdings, das Ihr euch beim Hotel, selbst, angemeldet habt. Nat\u00fcrlich ist es gut, f\u00fcr uns diese \u00dcbersicht zu haben und ich w\u00fcrde Euch bitten, hier auch Eure Teilnahme mitzuteilen.\u2026","rel":"","context":"In &quot;Ausfahrten&quot;","block_context":{"text":"Ausfahrten","link":"https:\/\/bikerstammtisch-kiebitzreihe.de\/?cat=21"},"img":{"alt_text":"","src":"","width":0,"height":0},"classes":[]},{"id":3908,"url":"https:\/\/bikerstammtisch-kiebitzreihe.de\/?page_id=3908","url_meta":{"origin":1943,"position":3},"title":"Teilnahmeliste Sauerland 2019","author":"Helge","date":"23. Oktober 2018","format":false,"excerpt":"Hier k\u00f6nnt Ihr sehen, wer sich f\u00fcr die Tour in das Sauerland 2019 mit wieviel Teilnehmern angemeldet hat. Viel wichtiger ist allerdings, das Ihr euch beim Hotel, selbst, angemeldet habt. Nat\u00fcrlich ist es gut, f\u00fcr uns diese \u00dcbersicht zu haben und ich w\u00fcrde Euch bitten, hier auch Eure Teilnahme mitzuteilen.\u2026","rel":"","context":"In &quot;Ausfahrten&quot;","block_context":{"text":"Ausfahrten","link":"https:\/\/bikerstammtisch-kiebitzreihe.de\/?cat=21"},"img":{"alt_text":"","src":"","width":0,"height":0},"classes":[]},{"id":3046,"url":"https:\/\/bikerstammtisch-kiebitzreihe.de\/?page_id=3046","url_meta":{"origin":1943,"position":4},"title":"Graue Erbsen essen","author":"Helge","date":"6. Dezember 2017","format":false,"excerpt":"Hier k\u00f6nnt Ihr sehen, wer sich f\u00fcr das Gr\u00fcnkohlessen\u00a0 angemeldet hat. Am 10.02.2018 bekommt Nicole die Liste, die Leute die draufstehen, sind damit verbindlich gemeldet. Der Preis f\u00fcr das Essen betr\u00e4gt wahrscheinlich 15,50\u20ac (muss noch nachgefragt werden). [eme_bookings id=79 template_id=8 template_id_header=9 template_id_footer=10]","rel":"","context":"In &quot;Veranstaltung&quot;","block_context":{"text":"Veranstaltung","link":"https:\/\/bikerstammtisch-kiebitzreihe.de\/?cat=61"},"img":{"alt_text":"","src":"","width":0,"height":0},"classes":[]},{"id":2748,"url":"https:\/\/bikerstammtisch-kiebitzreihe.de\/?page_id=2748","url_meta":{"origin":1943,"position":5},"title":"Teilnahmeliste Harz 2018","author":"Helge","date":"3. Oktober 2017","format":false,"excerpt":"Hier k\u00f6nnt Ihr sehen, wer sich f\u00fcr die Tour in den Harz 2018 mit wieviel Teilnehmern angemeldet hat. Viel wichtiger ist allerdings, das Ihr euch beim Hotel, selbst, angemeldet habt. Nat\u00fcrlich ist es gut, f\u00fcr uns diese \u00dcbersicht zu haben und ich w\u00fcrde Euch bitten, hier auch Eure Teilnahme mitzuteilen.\u2026","rel":"","context":"In &quot;Ausfahrten&quot;","block_context":{"text":"Ausfahrten","link":"https:\/\/bikerstammtisch-kiebitzreihe.de\/?cat=21"},"img":{"alt_text":"","src":"","width":0,"height":0},"classes":[]}],"jetpack_likes_enabled":true,"jetpack_sharing_enabled":true,"_links":{"self":[{"href":"https:\/\/bikerstammtisch-kiebitzreihe.de\/index.php?rest_route=\/wp\/v2\/pages\/1943","targetHints":{"allow":["GET"]}}],"collection":[{"href":"https:\/\/bikerstammtisch-kiebitzreihe.de\/index.php?rest_route=\/wp\/v2\/pages"}],"about":[{"href":"https:\/\/bikerstammtisch-kiebitzreihe.de\/index.php?rest_route=\/wp\/v2\/types\/page"}],"author":[{"embeddable":true,"href":"https:\/\/bikerstammtisch-kiebitzreihe.de\/index.php?rest_route=\/wp\/v2\/users\/1"}],"replies":[{"embeddable":true,"href":"https:\/\/bikerstammtisch-kiebitzreihe.de\/index.php?rest_route=%2Fwp%2Fv2%2Fcomments&post=1943"}],"version-history":[{"count":18,"href":"https:\/\/bikerstammtisch-kiebitzreihe.de\/index.php?rest_route=\/wp\/v2\/pages\/1943\/revisions"}],"predecessor-version":[{"id":4239,"href":"https:\/\/bikerstammtisch-kiebitzreihe.de\/index.php?rest_route=\/wp\/v2\/pages\/1943\/revisions\/4239"}],"up":[{"embeddable":true,"href":"https:\/\/bikerstammtisch-kiebitzreihe.de\/index.php?rest_route=\/wp\/v2\/pages\/21"}],"wp:attachment":[{"href":"https:\/\/bikerstammtisch-kiebitzreihe.de\/index.php?rest_route=%2Fwp%2Fv2%2Fmedia&parent=1943"}],"wp:term":[{"taxonomy":"category","embeddable":true,"href":"https:\/\/bikerstammtisch-kiebitzreihe.de\/index.php?rest_route=%2Fwp%2Fv2%2Fcategories&post=1943"},{"taxonomy":"post_tag","embeddable":true,"href":"https:\/\/bikerstammtisch-kiebitzreihe.de\/index.php?rest_route=%2Fwp%2Fv2%2Ftags&post=1943"}],"curies":[{"name":"wp","href":"https:\/\/api.w.org\/{rel}","templated":true}]}}