{"id":2,"date":"2017-06-13T16:25:50","date_gmt":"2017-06-13T14:25:50","guid":{"rendered":"http:\/\/bikerstammtisch\/wordpress\/?page_id=2"},"modified":"2019-03-08T10:34:41","modified_gmt":"2019-03-08T09:34:41","slug":"beispiel-seite","status":"publish","type":"page","link":"https:\/\/bikerstammtisch-kiebitzreihe.de\/?page_id=2","title":{"rendered":"Impressum"},"content":{"rendered":"<p>H. B.<br \/>\n(aus Datenschutzgr\u00fcnden wurde der Name und die Adresse entfernt)<\/p>\n<p>E-Mail: <a href=\"mailto:TheHaegar(AT)gmx.de\">TheHaegar(AT)gmx.de<\/a><\/p>\n<h2>Disclaimer \u2013 rechtliche Hinweise<\/h2>\n<p>\u00a7 1 Warnhinweis zu Inhalten<br \/>\nDie kostenlosen und frei zug\u00e4nglichen Inhalte dieser Webseite wurden mit gr\u00f6\u00dftm\u00f6glicher Sorgfalt erstellt. Der Anbieter dieser Webseite \u00fcbernimmt jedoch keine Gew\u00e4hr f\u00fcr die Richtigkeit und Aktualit\u00e4t der bereitgestellten kostenlosen und frei zug\u00e4nglichen journalistischen Ratgeber und Nachrichten. Namentlich gekennzeichnete Beitr\u00e4ge geben die Meinung des jeweiligen Autors und nicht immer die Meinung des Anbieters wieder. Allein durch den Aufruf der kostenlosen und frei zug\u00e4nglichen Inhalte kommt keinerlei Vertragsverh\u00e4ltnis zwischen dem Nutzer und dem Anbieter zustande, insoweit fehlt es am Rechtsbindungswillen des Anbieters.<\/p>\n<p>\u00a7 2 Externe Links<br \/>\nDiese Website enth\u00e4lt Verkn\u00fcpfungen zu Websites Dritter (&#8220;externe Links&#8221;). Diese Websites unterliegen der Haftung der jeweiligen Betreiber. Der Anbieter hat bei der erstmaligen Verkn\u00fcpfung der externen Links die fremden Inhalte daraufhin \u00fcberpr\u00fcft, ob etwaige Rechtsverst\u00f6\u00dfe bestehen. Zu dem Zeitpunkt waren keine Rechtsverst\u00f6\u00dfe ersichtlich. Der Anbieter hat keinerlei Einfluss auf die aktuelle und zuk\u00fcnftige Gestaltung und auf die Inhalte der verkn\u00fcpften Seiten. Das Setzen von externen Links bedeutet nicht, dass sich der Anbieter die hinter dem Verweis oder Link liegenden Inhalte zu Eigen macht. Eine st\u00e4ndige Kontrolle der externen Links ist f\u00fcr den Anbieter ohne konkrete Hinweise auf Rechtsverst\u00f6\u00dfe nicht zumutbar. Bei Kenntnis von Rechtsverst\u00f6\u00dfen werden jedoch derartige externe Links unverz\u00fcglich gel\u00f6scht.<\/p>\n<p>\u00a7 3 Urheber- und Leistungsschutzrechte<br \/>\nDie auf dieser Website ver\u00f6ffentlichten Inhalte unterliegen dem deutschen Urheber- und Leistungsschutzrecht. Jede vom deutschen Urheber- und Leistungsschutzrecht nicht zugelassene Verwertung bedarf der vorherigen schriftlichen Zustimmung des Anbieters oder jeweiligen Rechteinhabers. Dies gilt insbesondere f\u00fcr Vervielf\u00e4ltigung, Bearbeitung, \u00dcbersetzung, Einspeicherung, Verarbeitung bzw. Wiedergabe von Inhalten in Datenbanken oder anderen elektronischen Medien und Systemen. Inhalte und Rechte Dritter sind dabei als solche gekennzeichnet. Die unerlaubte Vervielf\u00e4ltigung oder Weitergabe einzelner Inhalte oder kompletter Seiten ist nicht gestattet und strafbar. Lediglich die Herstellung von Kopien und Downloads f\u00fcr den pers\u00f6nlichen, privaten und nicht kommerziellen Gebrauch ist erlaubt.<\/p>\n<p>Die Darstellung dieser Website in fremden Frames ist nur mit schriftlicher Erlaubnis zul\u00e4ssig.<\/p>\n<p>\u00a7 4 Besondere Nutzungsbedingungen<br \/>\nSoweit besondere Bedingungen f\u00fcr einzelne Nutzungen dieser Website von den vorgenannten Paragraphen abweichen, wird an entsprechender Stelle ausdr\u00fccklich darauf hingewiesen. In diesem Falle gelten im jeweiligen Einzelfall die besonderen Nutzungsbedingungen.<\/p>\n<p>Quelle: Impressum-Vorlage von <a href=\"http:\/\/www.juraforum.de\/\">www.juraforum.de<\/a><\/p>\n","protected":false},"excerpt":{"rendered":"<p>H. B. (aus Datenschutzgr\u00fcnden wurde der Name und die Adresse entfernt) E-Mail: TheHaegar(AT)gmx.de Disclaimer \u2013 rechtliche Hinweise \u00a7 1 Warnhinweis zu Inhalten Die kostenlosen und frei zug\u00e4nglichen Inhalte dieser Webseite wurden mit gr\u00f6\u00dftm\u00f6glicher Sorgfalt erstellt. Der Anbieter dieser Webseite \u00fcbernimmt &hellip; <a href=\"https:\/\/bikerstammtisch-kiebitzreihe.de\/?page_id=2\">Weiterlesen <span class=\"meta-nav\">&rarr;<\/span><\/a><\/p>\n","protected":false},"author":1,"featured_media":0,"parent":0,"menu_order":0,"comment_status":"closed","ping_status":"closed","template":"","meta":{"ngg_post_thumbnail":0,"jetpack_post_was_ever_published":false,"footnotes":""},"categories":[],"tags":[],"class_list":["post-2","page","type-page","status-publish","hentry"],"aioseo_notices":[],"jetpack_shortlink":"https:\/\/wp.me\/P8QhLS-2","jetpack-related-posts":[{"id":281,"url":"https:\/\/bikerstammtisch-kiebitzreihe.de\/?page_id=281","url_meta":{"origin":2,"position":0},"title":"Datenschutzerkl\u00e4rung","author":"Helge","date":"15. Juni 2017","format":false,"excerpt":"Datenschutzerkl\u00e4rung \u00a0 Diese Datenschutzerkl\u00e4rung kl\u00e4rt Sie \u00fcber die Art, den Umfang und Zweck der Verarbeitung von personenbezogenen Daten (nachfolgend kurz \u201eDaten\u201c) innerhalb unseres Onlineangebotes und der mit ihm verbundenen Webseiten, Funktionen und Inhalte sowie externen Onlinepr\u00e4senzen, wie z.B. unser Social Media Profile auf (nachfolgend gemeinsam bezeichnet als \u201eOnlineangebot\u201c). Im Hinblick\u2026","rel":"","context":"\u00c4hnlicher Beitrag","block_context":{"text":"\u00c4hnlicher Beitrag","link":""},"img":{"alt_text":"","src":"","width":0,"height":0},"classes":[]},{"id":340,"url":"https:\/\/bikerstammtisch-kiebitzreihe.de\/?page_id=340","url_meta":{"origin":2,"position":1},"title":"Linksammlung","author":"Helge","date":"17. Juni 2017","format":false,"excerpt":"Hier pr\u00e4sentieren wir euch Ausflugsziele, Unterk\u00fcnfte, L\u00e4den usw. welche irgendwann schon mal irgendwie im Zusammenhang mit dem Bikerstammtisch standen. Bitte kommentiert die Seite, wenn ihr etwas aufgenommen haben wollt. Unterk\u00fcnfte Das Gutshaus Bikerwirt-Harz Landgasthaus \"Zur Linde\" Hessenm\u00fchle Znaimer Hof Landgasthof \"Zum Jossgrund\" Ausflugsziele Klimahaus Bremerhaven Deutsches Auswandererhaus L\u00e4den Motorradteile Jens\u2026","rel":"","context":"Mit 4 Kommentaren","block_context":{"text":"Mit 4 Kommentaren","link":"https:\/\/bikerstammtisch-kiebitzreihe.de\/?page_id=340#comments"},"img":{"alt_text":"","src":"","width":0,"height":0},"classes":[]},{"id":3282,"url":"https:\/\/bikerstammtisch-kiebitzreihe.de\/?page_id=3282","url_meta":{"origin":2,"position":2},"title":"Grusswort","author":"Helge","date":"12. Februar 2018","format":false,"excerpt":"Gru\u00dfwort und Konzeptionelle \u00dcberlegungen im Hinblick auf die Durchf\u00fchrung des 4. Motorradgottesdienstes Kiebitzreihe am 18. Mai 2017 \u00a0 \u00a0 R\u00fcckblick Der Evangelisch-Lutherischen Kirche zugewandte Motorradfahrer aus Kiebitzreihe (Kreis Steinburg\/SH) um Initiator Gunter Martens und der damalige Pastor Dr. Zerrath haben 2013 einen ersten Motorradgottesdienst in der Gemeinde veranstaltet. Das Motorradgottesdienst-Team\u2026","rel":"","context":"In &quot;MoGo 2017&quot;","block_context":{"text":"MoGo 2017","link":"https:\/\/bikerstammtisch-kiebitzreihe.de\/?cat=83"},"img":{"alt_text":"","src":"","width":0,"height":0},"classes":[]},{"id":3184,"url":"https:\/\/bikerstammtisch-kiebitzreihe.de\/?page_id=3184","url_meta":{"origin":2,"position":3},"title":"Gru\u00dfwort","author":"Helge","date":"12. Februar 2018","format":false,"excerpt":"Hier kannst du den Flyer herunterladen:\u00a0Flyer MoGo 2016 Gru\u00dfwort und Konzeptionelle \u00dcberlegungen im Hinblick auf die Durchf\u00fchrung des 3. Motorradgottesdienstes Kiebitzreihe am 22. Mai 2016 \u00a0 R\u00fcckblick Der Evangelisch-Lutherischen Kirche zugewandte Motorradfahrer aus Kiebitzreihe (Kreis Steinburg\/SH) um Initiator Gunter Martens und der damalige Pastor Dr. Zerrath haben 2013 einen ersten\u2026","rel":"","context":"In &quot;MoGo 2016&quot;","block_context":{"text":"MoGo 2016","link":"https:\/\/bikerstammtisch-kiebitzreihe.de\/?cat=82"},"img":{"alt_text":"","src":"","width":0,"height":0},"classes":[]},{"id":33,"url":"https:\/\/bikerstammtisch-kiebitzreihe.de\/?page_id=33","url_meta":{"origin":2,"position":4},"title":"Chronik","author":"Helge","date":"13. Juni 2017","format":false,"excerpt":"Chronik Bikerstammtisch Stand : 14.12.2007 18.12.04 Weihnachtsfeier RWK Oldies, erster Tresenschnack von einer Bikertour. \u00a0 13.08.05 Erste Bikertour mit 20 Maschinen durch Schleswig Holstein (Kiebitzreihe- Aukrug- Kiel- Eckernf\u00f6rde- Heide Zweiradmuseum- Albersdorf-Kiebitzreihe). Ankunft 17.15 Uhr Kiebitzreiher Stuben. Ab 18.30 Uhr wurde dank Charlys Hilfe gegrillt. Bei Discomusik feierten ca. 40 Biker\u2026","rel":"","context":"\u00c4hnlicher Beitrag","block_context":{"text":"\u00c4hnlicher Beitrag","link":""},"img":{"alt_text":"","src":"","width":0,"height":0},"classes":[]},{"id":452,"url":"https:\/\/bikerstammtisch-kiebitzreihe.de\/?page_id=452","url_meta":{"origin":2,"position":5},"title":"WhatsApp &#8211; Gruppen","author":"Helge","date":"25. Juni 2017","format":false,"excerpt":"Die Whatsappgruppe \"Bikerstammtisch\" ist euch ja vielleicht bekannt. Im laufe der Zeit, sind einige von euch in die Gruppe gegangen und auch wieder verschwunden. Vielen von euch waren es einfach zu viele Funposts, welche nichts mit dem Stammtisch oder gar mit Motorrad fahren zu tun haben. Vielleicht k\u00f6nnen wir das\u2026","rel":"","context":"\u00c4hnlicher Beitrag","block_context":{"text":"\u00c4hnlicher Beitrag","link":""},"img":{"alt_text":"","src":"","width":0,"height":0},"classes":[]}],"jetpack_likes_enabled":true,"jetpack_sharing_enabled":true,"_links":{"self":[{"href":"https:\/\/bikerstammtisch-kiebitzreihe.de\/index.php?rest_route=\/wp\/v2\/pages\/2","targetHints":{"allow":["GET"]}}],"collection":[{"href":"https:\/\/bikerstammtisch-kiebitzreihe.de\/index.php?rest_route=\/wp\/v2\/pages"}],"about":[{"href":"https:\/\/bikerstammtisch-kiebitzreihe.de\/index.php?rest_route=\/wp\/v2\/types\/page"}],"author":[{"embeddable":true,"href":"https:\/\/bikerstammtisch-kiebitzreihe.de\/index.php?rest_route=\/wp\/v2\/users\/1"}],"replies":[{"embeddable":true,"href":"https:\/\/bikerstammtisch-kiebitzreihe.de\/index.php?rest_route=%2Fwp%2Fv2%2Fcomments&post=2"}],"version-history":[{"count":6,"href":"https:\/\/bikerstammtisch-kiebitzreihe.de\/index.php?rest_route=\/wp\/v2\/pages\/2\/revisions"}],"predecessor-version":[{"id":4221,"href":"https:\/\/bikerstammtisch-kiebitzreihe.de\/index.php?rest_route=\/wp\/v2\/pages\/2\/revisions\/4221"}],"wp:attachment":[{"href":"https:\/\/bikerstammtisch-kiebitzreihe.de\/index.php?rest_route=%2Fwp%2Fv2%2Fmedia&parent=2"}],"wp:term":[{"taxonomy":"category","embeddable":true,"href":"https:\/\/bikerstammtisch-kiebitzreihe.de\/index.php?rest_route=%2Fwp%2Fv2%2Fcategories&post=2"},{"taxonomy":"post_tag","embeddable":true,"href":"https:\/\/bikerstammtisch-kiebitzreihe.de\/index.php?rest_route=%2Fwp%2Fv2%2Ftags&post=2"}],"curies":[{"name":"wp","href":"https:\/\/api.w.org\/{rel}","templated":true}]}}