{"id":2233,"date":"2017-07-12T09:52:56","date_gmt":"2017-07-12T07:52:56","guid":{"rendered":"http:\/\/bikerstammtisch-kiebitzreihe.de\/?page_id=2233"},"modified":"2017-07-12T09:52:56","modified_gmt":"2017-07-12T07:52:56","slug":"ueber-uns","status":"publish","type":"page","link":"https:\/\/bikerstammtisch-kiebitzreihe.de\/?page_id=2233","title":{"rendered":"\u00dcber uns"},"content":{"rendered":"<p>Wie Ihr der <a href=\"\/?page_id=33\">Chronik<\/a> entnehmen k\u00f6nnt, ist die Idee vom Bikerstammtisch 2004 entstanden.<\/p>\n<p>Wir sind kein Verein, es gibt keinen Mitgliederbeitrag, keine Geb\u00fchren und auch keine Verpflichtungen.<\/p>\n<p>Ja, was gibt es denn dann \u00fcberhaupt?<\/p>\n<p>Die Mitglieder bestehen aus Bikerprofis, Gelegenheitsfahrern und nicht mehr aktiven Fahrern. <\/p>\n<p>Von 30 &#8211; 80 Jahre ist alles vertreten. <\/p>\n<p>Genauso sieht es bei den Motorr\u00e4dern aus, es ist eigentlich alles vertreten.<\/p>\n<p>Wir treffen uns regelm\u00e4\u00dfig, alle zwei Sonntage, zu <a href=\"http:\/\/bikerstammtisch-kiebitzreihe.de\/?page_id=212\">Ausfahrten<\/a>, welche in der Regel um 10 Uhr starten und je nach Strecke am Nachmittag oder sp\u00e4tem Nachmittag enden.<br \/>\nJeder ist herzlich eingeladen sich einer Ausfahrt anzuschliessen.<\/p>\n<p>Einmal im Jahr organisieren wir eine mehrt\u00e4gige Tour wie zum Beispiel im Harz, Sauerland oder auch mal in der R\u00f6hn.<\/p>\n<p>Der Stammtisch trifft sich so ca. alle 4 Wochen an einem Donnerstag ab 19 Uhr in der Kiebitz Klause in Kiebitzreihe, einfach mal reinschauen.<\/p>\n<p>Einmal im Jahr werden die Gerichte &#8220;Gr\u00fcnkohl satt&#8221; und &#8220;graue Erbsen&#8221; in der Kiebitzklause angeboten.<\/p>\n<p>Wir haben auch den ein oder anderen sportlich ambitionierten Raser in der Gruppe, aber <strong>bei den Ausfahrten wird darauf Wert gelegt, das es sicher zu geht und jeder auf den anderen R\u00fccksicht nimmt<\/strong>.<\/p>\n<p>Wenn ihr bis hierhin gelesen habt und ihr Interesse habt, dann schaut doch einfach mal rein oder nehmt <a href=\"\/?page_id=93\">Kontakt<\/a> auf.<\/p>\n<p>Liebe Bikerstammtischmitglieder, habe ich das treffend widergegeben? Ansonsten nutzt doch bitte die Kommentarfunktion, danke.<\/p>\n","protected":false},"excerpt":{"rendered":"<p>Wie Ihr der Chronik entnehmen k\u00f6nnt, ist die Idee vom Bikerstammtisch 2004 entstanden. Wir sind kein Verein, es gibt keinen Mitgliederbeitrag, keine Geb\u00fchren und auch keine Verpflichtungen. Ja, was gibt es denn dann \u00fcberhaupt? Die Mitglieder bestehen aus Bikerprofis, Gelegenheitsfahrern &hellip; <a href=\"https:\/\/bikerstammtisch-kiebitzreihe.de\/?page_id=2233\">Weiterlesen <span class=\"meta-nav\">&rarr;<\/span><\/a><\/p>\n","protected":false},"author":1,"featured_media":0,"parent":0,"menu_order":0,"comment_status":"open","ping_status":"closed","template":"","meta":{"ngg_post_thumbnail":0,"jetpack_post_was_ever_published":false,"footnotes":""},"categories":[],"tags":[],"class_list":["post-2233","page","type-page","status-publish","hentry"],"aioseo_notices":[],"jetpack_shortlink":"https:\/\/wp.me\/P8QhLS-A1","jetpack-related-posts":[{"id":33,"url":"https:\/\/bikerstammtisch-kiebitzreihe.de\/?page_id=33","url_meta":{"origin":2233,"position":0},"title":"Chronik","author":"Helge","date":"13. Juni 2017","format":false,"excerpt":"Chronik Bikerstammtisch Stand : 14.12.2007 18.12.04 Weihnachtsfeier RWK Oldies, erster Tresenschnack von einer Bikertour. \u00a0 13.08.05 Erste Bikertour mit 20 Maschinen durch Schleswig Holstein (Kiebitzreihe- Aukrug- Kiel- Eckernf\u00f6rde- Heide Zweiradmuseum- Albersdorf-Kiebitzreihe). Ankunft 17.15 Uhr Kiebitzreiher Stuben. Ab 18.30 Uhr wurde dank Charlys Hilfe gegrillt. Bei Discomusik feierten ca. 40 Biker\u2026","rel":"","context":"\u00c4hnlicher Beitrag","block_context":{"text":"\u00c4hnlicher Beitrag","link":""},"img":{"alt_text":"","src":"","width":0,"height":0},"classes":[]},{"id":452,"url":"https:\/\/bikerstammtisch-kiebitzreihe.de\/?page_id=452","url_meta":{"origin":2233,"position":1},"title":"WhatsApp &#8211; Gruppen","author":"Helge","date":"25. Juni 2017","format":false,"excerpt":"Die Whatsappgruppe \"Bikerstammtisch\" ist euch ja vielleicht bekannt. Im laufe der Zeit, sind einige von euch in die Gruppe gegangen und auch wieder verschwunden. Vielen von euch waren es einfach zu viele Funposts, welche nichts mit dem Stammtisch oder gar mit Motorrad fahren zu tun haben. Vielleicht k\u00f6nnen wir das\u2026","rel":"","context":"\u00c4hnlicher Beitrag","block_context":{"text":"\u00c4hnlicher Beitrag","link":""},"img":{"alt_text":"","src":"","width":0,"height":0},"classes":[]},{"id":3282,"url":"https:\/\/bikerstammtisch-kiebitzreihe.de\/?page_id=3282","url_meta":{"origin":2233,"position":2},"title":"Grusswort","author":"Helge","date":"12. Februar 2018","format":false,"excerpt":"Gru\u00dfwort und Konzeptionelle \u00dcberlegungen im Hinblick auf die Durchf\u00fchrung des 4. Motorradgottesdienstes Kiebitzreihe am 18. Mai 2017 \u00a0 \u00a0 R\u00fcckblick Der Evangelisch-Lutherischen Kirche zugewandte Motorradfahrer aus Kiebitzreihe (Kreis Steinburg\/SH) um Initiator Gunter Martens und der damalige Pastor Dr. Zerrath haben 2013 einen ersten Motorradgottesdienst in der Gemeinde veranstaltet. Das Motorradgottesdienst-Team\u2026","rel":"","context":"In &quot;MoGo 2017&quot;","block_context":{"text":"MoGo 2017","link":"https:\/\/bikerstammtisch-kiebitzreihe.de\/?cat=83"},"img":{"alt_text":"","src":"","width":0,"height":0},"classes":[]},{"id":3184,"url":"https:\/\/bikerstammtisch-kiebitzreihe.de\/?page_id=3184","url_meta":{"origin":2233,"position":3},"title":"Gru\u00dfwort","author":"Helge","date":"12. Februar 2018","format":false,"excerpt":"Hier kannst du den Flyer herunterladen:\u00a0Flyer MoGo 2016 Gru\u00dfwort und Konzeptionelle \u00dcberlegungen im Hinblick auf die Durchf\u00fchrung des 3. Motorradgottesdienstes Kiebitzreihe am 22. Mai 2016 \u00a0 R\u00fcckblick Der Evangelisch-Lutherischen Kirche zugewandte Motorradfahrer aus Kiebitzreihe (Kreis Steinburg\/SH) um Initiator Gunter Martens und der damalige Pastor Dr. Zerrath haben 2013 einen ersten\u2026","rel":"","context":"In &quot;MoGo 2016&quot;","block_context":{"text":"MoGo 2016","link":"https:\/\/bikerstammtisch-kiebitzreihe.de\/?cat=82"},"img":{"alt_text":"","src":"","width":0,"height":0},"classes":[]},{"id":281,"url":"https:\/\/bikerstammtisch-kiebitzreihe.de\/?page_id=281","url_meta":{"origin":2233,"position":4},"title":"Datenschutzerkl\u00e4rung","author":"Helge","date":"15. Juni 2017","format":false,"excerpt":"Datenschutzerkl\u00e4rung \u00a0 Diese Datenschutzerkl\u00e4rung kl\u00e4rt Sie \u00fcber die Art, den Umfang und Zweck der Verarbeitung von personenbezogenen Daten (nachfolgend kurz \u201eDaten\u201c) innerhalb unseres Onlineangebotes und der mit ihm verbundenen Webseiten, Funktionen und Inhalte sowie externen Onlinepr\u00e4senzen, wie z.B. unser Social Media Profile auf (nachfolgend gemeinsam bezeichnet als \u201eOnlineangebot\u201c). Im Hinblick\u2026","rel":"","context":"\u00c4hnlicher Beitrag","block_context":{"text":"\u00c4hnlicher Beitrag","link":""},"img":{"alt_text":"","src":"","width":0,"height":0},"classes":[]},{"id":2,"url":"https:\/\/bikerstammtisch-kiebitzreihe.de\/?page_id=2","url_meta":{"origin":2233,"position":5},"title":"Impressum","author":"Helge","date":"13. Juni 2017","format":false,"excerpt":"H. B. (aus Datenschutzgr\u00fcnden wurde der Name und die Adresse entfernt) E-Mail: TheHaegar(AT)gmx.de Disclaimer \u2013 rechtliche Hinweise \u00a7 1 Warnhinweis zu Inhalten Die kostenlosen und frei zug\u00e4nglichen Inhalte dieser Webseite wurden mit gr\u00f6\u00dftm\u00f6glicher Sorgfalt erstellt. Der Anbieter dieser Webseite \u00fcbernimmt jedoch keine Gew\u00e4hr f\u00fcr die Richtigkeit und Aktualit\u00e4t der bereitgestellten\u2026","rel":"","context":"\u00c4hnlicher Beitrag","block_context":{"text":"\u00c4hnlicher Beitrag","link":""},"img":{"alt_text":"","src":"","width":0,"height":0},"classes":[]}],"jetpack_likes_enabled":true,"jetpack_sharing_enabled":true,"_links":{"self":[{"href":"https:\/\/bikerstammtisch-kiebitzreihe.de\/index.php?rest_route=\/wp\/v2\/pages\/2233","targetHints":{"allow":["GET"]}}],"collection":[{"href":"https:\/\/bikerstammtisch-kiebitzreihe.de\/index.php?rest_route=\/wp\/v2\/pages"}],"about":[{"href":"https:\/\/bikerstammtisch-kiebitzreihe.de\/index.php?rest_route=\/wp\/v2\/types\/page"}],"author":[{"embeddable":true,"href":"https:\/\/bikerstammtisch-kiebitzreihe.de\/index.php?rest_route=\/wp\/v2\/users\/1"}],"replies":[{"embeddable":true,"href":"https:\/\/bikerstammtisch-kiebitzreihe.de\/index.php?rest_route=%2Fwp%2Fv2%2Fcomments&post=2233"}],"version-history":[{"count":5,"href":"https:\/\/bikerstammtisch-kiebitzreihe.de\/index.php?rest_route=\/wp\/v2\/pages\/2233\/revisions"}],"predecessor-version":[{"id":2238,"href":"https:\/\/bikerstammtisch-kiebitzreihe.de\/index.php?rest_route=\/wp\/v2\/pages\/2233\/revisions\/2238"}],"wp:attachment":[{"href":"https:\/\/bikerstammtisch-kiebitzreihe.de\/index.php?rest_route=%2Fwp%2Fv2%2Fmedia&parent=2233"}],"wp:term":[{"taxonomy":"category","embeddable":true,"href":"https:\/\/bikerstammtisch-kiebitzreihe.de\/index.php?rest_route=%2Fwp%2Fv2%2Fcategories&post=2233"},{"taxonomy":"post_tag","embeddable":true,"href":"https:\/\/bikerstammtisch-kiebitzreihe.de\/index.php?rest_route=%2Fwp%2Fv2%2Ftags&post=2233"}],"curies":[{"name":"wp","href":"https:\/\/api.w.org\/{rel}","templated":true}]}}