{"id":2773,"date":"2017-10-06T13:34:24","date_gmt":"2017-10-06T11:34:24","guid":{"rendered":"http:\/\/bikerstammtisch-kiebitzreihe.de\/?page_id=2773"},"modified":"2017-10-12T15:51:11","modified_gmt":"2017-10-12T13:51:11","slug":"gruenkohlessen","status":"publish","type":"page","link":"https:\/\/bikerstammtisch-kiebitzreihe.de\/?page_id=2773","title":{"rendered":"Gr\u00fcnkohlessen"},"content":{"rendered":"<p>Hier k\u00f6nnt Ihr sehen, wer sich f\u00fcr das Gr\u00fcnkohlessen&nbsp; angemeldet hat.<\/p>\n<p>Am 18.11. wird diese Liste als feste Zusage angesehen.<\/p>\n<p>[eme_bookings id=29 template_id=8 template_id_header=9 template_id_footer=10]<\/p>\n","protected":false},"excerpt":{"rendered":"<p>Hier k\u00f6nnt Ihr sehen, wer sich f\u00fcr das Gr\u00fcnkohlessen&nbsp; angemeldet hat. Am 18.11. wird diese Liste als feste Zusage angesehen. [eme_bookings id=29 template_id=8 template_id_header=9 template_id_footer=10]<\/p>\n","protected":false},"author":1,"featured_media":0,"parent":0,"menu_order":0,"comment_status":"closed","ping_status":"closed","template":"","meta":{"ngg_post_thumbnail":0,"jetpack_post_was_ever_published":false,"footnotes":""},"categories":[61],"tags":[62],"class_list":["post-2773","page","type-page","status-publish","hentry","category-veranstaltung","tag-gruenkohlessen"],"aioseo_notices":[],"jetpack_shortlink":"https:\/\/wp.me\/P8QhLS-IJ","jetpack-related-posts":[{"id":3046,"url":"https:\/\/bikerstammtisch-kiebitzreihe.de\/?page_id=3046","url_meta":{"origin":2773,"position":0},"title":"Graue Erbsen essen","author":"Helge","date":"6. Dezember 2017","format":false,"excerpt":"Hier k\u00f6nnt Ihr sehen, wer sich f\u00fcr das Gr\u00fcnkohlessen\u00a0 angemeldet hat. Am 10.02.2018 bekommt Nicole die Liste, die Leute die draufstehen, sind damit verbindlich gemeldet. Der Preis f\u00fcr das Essen betr\u00e4gt wahrscheinlich 15,50\u20ac (muss noch nachgefragt werden). [eme_bookings id=79 template_id=8 template_id_header=9 template_id_footer=10]","rel":"","context":"In &quot;Veranstaltung&quot;","block_context":{"text":"Veranstaltung","link":"https:\/\/bikerstammtisch-kiebitzreihe.de\/?cat=61"},"img":{"alt_text":"","src":"","width":0,"height":0},"classes":[]},{"id":33,"url":"https:\/\/bikerstammtisch-kiebitzreihe.de\/?page_id=33","url_meta":{"origin":2773,"position":1},"title":"Chronik","author":"Helge","date":"13. Juni 2017","format":false,"excerpt":"Chronik Bikerstammtisch Stand : 14.12.2007 18.12.04 Weihnachtsfeier RWK Oldies, erster Tresenschnack von einer Bikertour. \u00a0 13.08.05 Erste Bikertour mit 20 Maschinen durch Schleswig Holstein (Kiebitzreihe- Aukrug- Kiel- Eckernf\u00f6rde- Heide Zweiradmuseum- Albersdorf-Kiebitzreihe). Ankunft 17.15 Uhr Kiebitzreiher Stuben. Ab 18.30 Uhr wurde dank Charlys Hilfe gegrillt. Bei Discomusik feierten ca. 40 Biker\u2026","rel":"","context":"\u00c4hnlicher Beitrag","block_context":{"text":"\u00c4hnlicher Beitrag","link":""},"img":{"alt_text":"","src":"","width":0,"height":0},"classes":[]}],"jetpack_likes_enabled":true,"jetpack_sharing_enabled":true,"_links":{"self":[{"href":"https:\/\/bikerstammtisch-kiebitzreihe.de\/index.php?rest_route=\/wp\/v2\/pages\/2773","targetHints":{"allow":["GET"]}}],"collection":[{"href":"https:\/\/bikerstammtisch-kiebitzreihe.de\/index.php?rest_route=\/wp\/v2\/pages"}],"about":[{"href":"https:\/\/bikerstammtisch-kiebitzreihe.de\/index.php?rest_route=\/wp\/v2\/types\/page"}],"author":[{"embeddable":true,"href":"https:\/\/bikerstammtisch-kiebitzreihe.de\/index.php?rest_route=\/wp\/v2\/users\/1"}],"replies":[{"embeddable":true,"href":"https:\/\/bikerstammtisch-kiebitzreihe.de\/index.php?rest_route=%2Fwp%2Fv2%2Fcomments&post=2773"}],"version-history":[{"count":8,"href":"https:\/\/bikerstammtisch-kiebitzreihe.de\/index.php?rest_route=\/wp\/v2\/pages\/2773\/revisions"}],"predecessor-version":[{"id":2897,"href":"https:\/\/bikerstammtisch-kiebitzreihe.de\/index.php?rest_route=\/wp\/v2\/pages\/2773\/revisions\/2897"}],"wp:attachment":[{"href":"https:\/\/bikerstammtisch-kiebitzreihe.de\/index.php?rest_route=%2Fwp%2Fv2%2Fmedia&parent=2773"}],"wp:term":[{"taxonomy":"category","embeddable":true,"href":"https:\/\/bikerstammtisch-kiebitzreihe.de\/index.php?rest_route=%2Fwp%2Fv2%2Fcategories&post=2773"},{"taxonomy":"post_tag","embeddable":true,"href":"https:\/\/bikerstammtisch-kiebitzreihe.de\/index.php?rest_route=%2Fwp%2Fv2%2Ftags&post=2773"}],"curies":[{"name":"wp","href":"https:\/\/api.w.org\/{rel}","templated":true}]}}