{"id":3046,"date":"2017-12-06T17:13:28","date_gmt":"2017-12-06T16:13:28","guid":{"rendered":"http:\/\/bikerstammtisch-kiebitzreihe.de\/?page_id=3046"},"modified":"2017-12-06T17:18:35","modified_gmt":"2017-12-06T16:18:35","slug":"graue-erbsen-essen","status":"publish","type":"page","link":"https:\/\/bikerstammtisch-kiebitzreihe.de\/?page_id=3046","title":{"rendered":"Graue Erbsen essen"},"content":{"rendered":"<p>Hier k\u00f6nnt Ihr sehen, wer sich f\u00fcr das Gr\u00fcnkohlessen&nbsp; angemeldet hat.<\/p>\n<p><strong>Am 10.02.2018 bekommt Nicole die Liste, die Leute die draufstehen, sind damit verbindlich gemeldet. Der Preis f\u00fcr das Essen betr\u00e4gt wahrscheinlich 15,50\u20ac (muss noch nachgefragt werden).<\/strong><\/p>\n<p>[eme_bookings id=79 template_id=8 template_id_header=9 template_id_footer=10]<\/p>\n","protected":false},"excerpt":{"rendered":"<p>Hier k\u00f6nnt Ihr sehen, wer sich f\u00fcr das Gr\u00fcnkohlessen&nbsp; angemeldet hat. Am 10.02.2018 bekommt Nicole die Liste, die Leute die draufstehen, sind damit verbindlich gemeldet. Der Preis f\u00fcr das Essen betr\u00e4gt wahrscheinlich 15,50\u20ac (muss noch nachgefragt werden). [eme_bookings id=79 template_id=8 &hellip; <a href=\"https:\/\/bikerstammtisch-kiebitzreihe.de\/?page_id=3046\">Weiterlesen <span class=\"meta-nav\">&rarr;<\/span><\/a><\/p>\n","protected":false},"author":1,"featured_media":0,"parent":0,"menu_order":0,"comment_status":"closed","ping_status":"closed","template":"","meta":{"ngg_post_thumbnail":0,"footnotes":""},"categories":[61],"tags":[80],"class_list":["post-3046","page","type-page","status-publish","hentry","category-veranstaltung","tag-graue-erbsen"],"aioseo_notices":[],"jetpack_shortlink":"https:\/\/wp.me\/P8QhLS-N8","jetpack-related-posts":[{"id":2233,"url":"https:\/\/bikerstammtisch-kiebitzreihe.de\/?page_id=2233","url_meta":{"origin":3046,"position":0},"title":"\u00dcber uns","author":"Helge","date":"12. Juli 2017","format":false,"excerpt":"Wie Ihr der Chronik entnehmen k\u00f6nnt, ist die Idee vom Bikerstammtisch 2004 entstanden. Wir sind kein Verein, es gibt keinen Mitgliederbeitrag, keine Geb\u00fchren und auch keine Verpflichtungen. Ja, was gibt es denn dann \u00fcberhaupt? Die Mitglieder bestehen aus Bikerprofis, Gelegenheitsfahrern und nicht mehr aktiven Fahrern. Von 30 - 80 Jahre\u2026","rel":"","context":"Mit 3 Kommentaren","block_context":{"text":"Mit 3 Kommentaren","link":"https:\/\/bikerstammtisch-kiebitzreihe.de\/?page_id=2233#comments"},"img":{"alt_text":"","src":"","width":0,"height":0},"classes":[]},{"id":33,"url":"https:\/\/bikerstammtisch-kiebitzreihe.de\/?page_id=33","url_meta":{"origin":3046,"position":1},"title":"Chronik","author":"Helge","date":"13. Juni 2017","format":false,"excerpt":"Chronik Bikerstammtisch Stand : 14.12.2007 18.12.04 Weihnachtsfeier RWK Oldies, erster Tresenschnack von einer Bikertour. \u00a0 13.08.05 Erste Bikertour mit 20 Maschinen durch Schleswig Holstein (Kiebitzreihe- Aukrug- Kiel- Eckernf\u00f6rde- Heide Zweiradmuseum- Albersdorf-Kiebitzreihe). Ankunft 17.15 Uhr Kiebitzreiher Stuben. Ab 18.30 Uhr wurde dank Charlys Hilfe gegrillt. Bei Discomusik feierten ca. 40 Biker\u2026","rel":"","context":"\u00c4hnlicher Beitrag","block_context":{"text":"\u00c4hnlicher Beitrag","link":""},"img":{"alt_text":"","src":"","width":0,"height":0},"classes":[]},{"id":452,"url":"https:\/\/bikerstammtisch-kiebitzreihe.de\/?page_id=452","url_meta":{"origin":3046,"position":2},"title":"WhatsApp &#8211; Gruppen","author":"Helge","date":"25. Juni 2017","format":false,"excerpt":"Die Whatsappgruppe \"Bikerstammtisch\" ist euch ja vielleicht bekannt. Im laufe der Zeit, sind einige von euch in die Gruppe gegangen und auch wieder verschwunden. Vielen von euch waren es einfach zu viele Funposts, welche nichts mit dem Stammtisch oder gar mit Motorrad fahren zu tun haben. Vielleicht k\u00f6nnen wir das\u2026","rel":"","context":"\u00c4hnlicher Beitrag","block_context":{"text":"\u00c4hnlicher Beitrag","link":""},"img":{"alt_text":"","src":"","width":0,"height":0},"classes":[]},{"id":3282,"url":"https:\/\/bikerstammtisch-kiebitzreihe.de\/?page_id=3282","url_meta":{"origin":3046,"position":3},"title":"Grusswort","author":"Helge","date":"12. Februar 2018","format":false,"excerpt":"Gru\u00dfwort und Konzeptionelle \u00dcberlegungen im Hinblick auf die Durchf\u00fchrung des 4. Motorradgottesdienstes Kiebitzreihe am 18. Mai 2017 \u00a0 \u00a0 R\u00fcckblick Der Evangelisch-Lutherischen Kirche zugewandte Motorradfahrer aus Kiebitzreihe (Kreis Steinburg\/SH) um Initiator Gunter Martens und der damalige Pastor Dr. Zerrath haben 2013 einen ersten Motorradgottesdienst in der Gemeinde veranstaltet. Das Motorradgottesdienst-Team\u2026","rel":"","context":"In &quot;MoGo 2017&quot;","block_context":{"text":"MoGo 2017","link":"https:\/\/bikerstammtisch-kiebitzreihe.de\/?cat=83"},"img":{"alt_text":"","src":"","width":0,"height":0},"classes":[]},{"id":281,"url":"https:\/\/bikerstammtisch-kiebitzreihe.de\/?page_id=281","url_meta":{"origin":3046,"position":4},"title":"Datenschutzerkl\u00e4rung","author":"Helge","date":"15. Juni 2017","format":false,"excerpt":"Datenschutzerkl\u00e4rung \u00a0 Diese Datenschutzerkl\u00e4rung kl\u00e4rt Sie \u00fcber die Art, den Umfang und Zweck der Verarbeitung von personenbezogenen Daten (nachfolgend kurz \u201eDaten\u201c) innerhalb unseres Onlineangebotes und der mit ihm verbundenen Webseiten, Funktionen und Inhalte sowie externen Onlinepr\u00e4senzen, wie z.B. unser Social Media Profile auf (nachfolgend gemeinsam bezeichnet als \u201eOnlineangebot\u201c). Im Hinblick\u2026","rel":"","context":"\u00c4hnlicher Beitrag","block_context":{"text":"\u00c4hnlicher Beitrag","link":""},"img":{"alt_text":"","src":"","width":0,"height":0},"classes":[]},{"id":3184,"url":"https:\/\/bikerstammtisch-kiebitzreihe.de\/?page_id=3184","url_meta":{"origin":3046,"position":5},"title":"Gru\u00dfwort","author":"Helge","date":"12. Februar 2018","format":false,"excerpt":"Hier kannst du den Flyer herunterladen:\u00a0Flyer MoGo 2016 Gru\u00dfwort und Konzeptionelle \u00dcberlegungen im Hinblick auf die Durchf\u00fchrung des 3. Motorradgottesdienstes Kiebitzreihe am 22. Mai 2016 \u00a0 R\u00fcckblick Der Evangelisch-Lutherischen Kirche zugewandte Motorradfahrer aus Kiebitzreihe (Kreis Steinburg\/SH) um Initiator Gunter Martens und der damalige Pastor Dr. Zerrath haben 2013 einen ersten\u2026","rel":"","context":"In &quot;MoGo 2016&quot;","block_context":{"text":"MoGo 2016","link":"https:\/\/bikerstammtisch-kiebitzreihe.de\/?cat=82"},"img":{"alt_text":"","src":"","width":0,"height":0},"classes":[]}],"jetpack_likes_enabled":true,"jetpack_sharing_enabled":true,"_links":{"self":[{"href":"https:\/\/bikerstammtisch-kiebitzreihe.de\/index.php?rest_route=\/wp\/v2\/pages\/3046","targetHints":{"allow":["GET"]}}],"collection":[{"href":"https:\/\/bikerstammtisch-kiebitzreihe.de\/index.php?rest_route=\/wp\/v2\/pages"}],"about":[{"href":"https:\/\/bikerstammtisch-kiebitzreihe.de\/index.php?rest_route=\/wp\/v2\/types\/page"}],"author":[{"embeddable":true,"href":"https:\/\/bikerstammtisch-kiebitzreihe.de\/index.php?rest_route=\/wp\/v2\/users\/1"}],"replies":[{"embeddable":true,"href":"https:\/\/bikerstammtisch-kiebitzreihe.de\/index.php?rest_route=%2Fwp%2Fv2%2Fcomments&post=3046"}],"version-history":[{"count":2,"href":"https:\/\/bikerstammtisch-kiebitzreihe.de\/index.php?rest_route=\/wp\/v2\/pages\/3046\/revisions"}],"predecessor-version":[{"id":3048,"href":"https:\/\/bikerstammtisch-kiebitzreihe.de\/index.php?rest_route=\/wp\/v2\/pages\/3046\/revisions\/3048"}],"wp:attachment":[{"href":"https:\/\/bikerstammtisch-kiebitzreihe.de\/index.php?rest_route=%2Fwp%2Fv2%2Fmedia&parent=3046"}],"wp:term":[{"taxonomy":"category","embeddable":true,"href":"https:\/\/bikerstammtisch-kiebitzreihe.de\/index.php?rest_route=%2Fwp%2Fv2%2Fcategories&post=3046"},{"taxonomy":"post_tag","embeddable":true,"href":"https:\/\/bikerstammtisch-kiebitzreihe.de\/index.php?rest_route=%2Fwp%2Fv2%2Ftags&post=3046"}],"curies":[{"name":"wp","href":"https:\/\/api.w.org\/{rel}","templated":true}]}}