{"id":3106,"date":"2018-02-02T10:02:46","date_gmt":"2018-02-02T09:02:46","guid":{"rendered":"http:\/\/bikerstammtisch-kiebitzreihe.de\/?page_id=3106"},"modified":"2018-02-12T14:30:35","modified_gmt":"2018-02-12T13:30:35","slug":"fotos","status":"publish","type":"page","link":"https:\/\/bikerstammtisch-kiebitzreihe.de\/?page_id=3106","title":{"rendered":"Fotos 2016"},"content":{"rendered":"ngg_shortcode_0_placeholder\n","protected":false},"excerpt":{"rendered":"<p>&#8221; order_by=&#8221;sortorder&#8221; order_direction=&#8221;ASC&#8221; returns=&#8221;included&#8221; maximum_entity_count=&#8221;500&#8243;]<\/p>\n","protected":false},"author":1,"featured_media":0,"parent":0,"menu_order":0,"comment_status":"open","ping_status":"closed","template":"","meta":{"ngg_post_thumbnail":0,"jetpack_post_was_ever_published":false,"footnotes":""},"categories":[82],"tags":[],"class_list":["post-3106","page","type-page","status-publish","hentry","category-motorradgottesdienst2016"],"aioseo_notices":[],"jetpack_shortlink":"https:\/\/wp.me\/P8QhLS-O6","jetpack-related-posts":[{"id":3114,"url":"https:\/\/bikerstammtisch-kiebitzreihe.de\/?page_id=3114","url_meta":{"origin":3106,"position":0},"title":"Fotos","author":"Helge","date":"2. Februar 2018","format":false,"excerpt":"\" order_by=\"sortorder\" order_direction=\"ASC\" returns=\"included\" maximum_entity_count=\"500\"]","rel":"","context":"In &quot;MoGo 2017&quot;","block_context":{"text":"MoGo 2017","link":"https:\/\/bikerstammtisch-kiebitzreihe.de\/?cat=83"},"img":{"alt_text":"","src":"","width":0,"height":0},"classes":[]},{"id":1619,"url":"https:\/\/bikerstammtisch-kiebitzreihe.de\/?page_id=1619","url_meta":{"origin":3106,"position":1},"title":"Gutshaus 2016","author":"Helge","date":"28. Juni 2017","format":false,"excerpt":"","rel":"","context":"\u00c4hnlicher Beitrag","block_context":{"text":"\u00c4hnlicher Beitrag","link":""},"img":{"alt_text":"","src":"","width":0,"height":0},"classes":[]},{"id":3108,"url":"https:\/\/bikerstammtisch-kiebitzreihe.de\/?page_id=3108","url_meta":{"origin":3106,"position":2},"title":"Presseberichte","author":"Helge","date":"2. Februar 2018","format":false,"excerpt":"","rel":"","context":"In &quot;MoGo 2016&quot;","block_context":{"text":"MoGo 2016","link":"https:\/\/bikerstammtisch-kiebitzreihe.de\/?cat=82"},"img":{"alt_text":"","src":"https:\/\/i0.wp.com\/bikerstammtisch-kiebitzreihe.de\/wp-content\/uploads\/2018\/02\/Kiebitzreihe-aktuell-Nr.-60-300x276.jpeg?resize=350%2C200","width":350,"height":200},"classes":[]},{"id":3184,"url":"https:\/\/bikerstammtisch-kiebitzreihe.de\/?page_id=3184","url_meta":{"origin":3106,"position":3},"title":"Gru\u00dfwort","author":"Helge","date":"12. Februar 2018","format":false,"excerpt":"Hier kannst du den Flyer herunterladen:\u00a0Flyer MoGo 2016 Gru\u00dfwort und Konzeptionelle \u00dcberlegungen im Hinblick auf die Durchf\u00fchrung des 3. Motorradgottesdienstes Kiebitzreihe am 22. Mai 2016 \u00a0 R\u00fcckblick Der Evangelisch-Lutherischen Kirche zugewandte Motorradfahrer aus Kiebitzreihe (Kreis Steinburg\/SH) um Initiator Gunter Martens und der damalige Pastor Dr. Zerrath haben 2013 einen ersten\u2026","rel":"","context":"In &quot;MoGo 2016&quot;","block_context":{"text":"MoGo 2016","link":"https:\/\/bikerstammtisch-kiebitzreihe.de\/?cat=82"},"img":{"alt_text":"","src":"","width":0,"height":0},"classes":[]}],"jetpack_likes_enabled":true,"jetpack_sharing_enabled":true,"_links":{"self":[{"href":"https:\/\/bikerstammtisch-kiebitzreihe.de\/index.php?rest_route=\/wp\/v2\/pages\/3106","targetHints":{"allow":["GET"]}}],"collection":[{"href":"https:\/\/bikerstammtisch-kiebitzreihe.de\/index.php?rest_route=\/wp\/v2\/pages"}],"about":[{"href":"https:\/\/bikerstammtisch-kiebitzreihe.de\/index.php?rest_route=\/wp\/v2\/types\/page"}],"author":[{"embeddable":true,"href":"https:\/\/bikerstammtisch-kiebitzreihe.de\/index.php?rest_route=\/wp\/v2\/users\/1"}],"replies":[{"embeddable":true,"href":"https:\/\/bikerstammtisch-kiebitzreihe.de\/index.php?rest_route=%2Fwp%2Fv2%2Fcomments&post=3106"}],"version-history":[{"count":3,"href":"https:\/\/bikerstammtisch-kiebitzreihe.de\/index.php?rest_route=\/wp\/v2\/pages\/3106\/revisions"}],"predecessor-version":[{"id":3215,"href":"https:\/\/bikerstammtisch-kiebitzreihe.de\/index.php?rest_route=\/wp\/v2\/pages\/3106\/revisions\/3215"}],"wp:attachment":[{"href":"https:\/\/bikerstammtisch-kiebitzreihe.de\/index.php?rest_route=%2Fwp%2Fv2%2Fmedia&parent=3106"}],"wp:term":[{"taxonomy":"category","embeddable":true,"href":"https:\/\/bikerstammtisch-kiebitzreihe.de\/index.php?rest_route=%2Fwp%2Fv2%2Fcategories&post=3106"},{"taxonomy":"post_tag","embeddable":true,"href":"https:\/\/bikerstammtisch-kiebitzreihe.de\/index.php?rest_route=%2Fwp%2Fv2%2Ftags&post=3106"}],"curies":[{"name":"wp","href":"https:\/\/api.w.org\/{rel}","templated":true}]}}