{"id":3122,"date":"2018-02-02T10:06:48","date_gmt":"2018-02-02T09:06:48","guid":{"rendered":"http:\/\/bikerstammtisch-kiebitzreihe.de\/?page_id=3122"},"modified":"2019-04-26T21:39:22","modified_gmt":"2019-04-26T19:39:22","slug":"weitere-mogos","status":"publish","type":"page","link":"https:\/\/bikerstammtisch-kiebitzreihe.de\/?page_id=3122","title":{"rendered":"weitere MoGo&#8217;s"},"content":{"rendered":"\n<iframe style=\"border:0px;height:500px;\" src=\"https:\/\/www.mogo-norderstedt.de\/mogoListe.html\"><\/iframe>\n","protected":false},"excerpt":{"rendered":"","protected":false},"author":1,"featured_media":0,"parent":0,"menu_order":0,"comment_status":"closed","ping_status":"closed","template":"","meta":{"ngg_post_thumbnail":0,"jetpack_post_was_ever_published":false,"footnotes":""},"categories":[81],"tags":[],"class_list":["post-3122","page","type-page","status-publish","hentry","category-motorradgottesdienst"],"aioseo_notices":[],"jetpack_shortlink":"https:\/\/wp.me\/P8QhLS-Om","jetpack-related-posts":[{"id":3120,"url":"https:\/\/bikerstammtisch-kiebitzreihe.de\/?page_id=3120","url_meta":{"origin":3122,"position":0},"title":"Flyer MoGo 2018","author":"Helge","date":"2. Februar 2018","format":false,"excerpt":"\u00a0 Mogo Kiebitzreihe 2018 Flyer Vorderseite Mogo Kiebitzreihe 2018 Flyer R\u00fcckseite","rel":"","context":"In &quot;MoGo 2018&quot;","block_context":{"text":"MoGo 2018","link":"https:\/\/bikerstammtisch-kiebitzreihe.de\/?cat=84"},"img":{"alt_text":"","src":"https:\/\/i0.wp.com\/bikerstammtisch-kiebitzreihe.de\/wp-content\/uploads\/2018\/02\/mehrMogo_1-155x300.jpg?resize=350%2C200","width":350,"height":200},"classes":[]},{"id":3282,"url":"https:\/\/bikerstammtisch-kiebitzreihe.de\/?page_id=3282","url_meta":{"origin":3122,"position":1},"title":"Grusswort","author":"Helge","date":"12. Februar 2018","format":false,"excerpt":"Gru\u00dfwort und Konzeptionelle \u00dcberlegungen im Hinblick auf die Durchf\u00fchrung des 4. Motorradgottesdienstes Kiebitzreihe am 18. Mai 2017 \u00a0 \u00a0 R\u00fcckblick Der Evangelisch-Lutherischen Kirche zugewandte Motorradfahrer aus Kiebitzreihe (Kreis Steinburg\/SH) um Initiator Gunter Martens und der damalige Pastor Dr. Zerrath haben 2013 einen ersten Motorradgottesdienst in der Gemeinde veranstaltet. Das Motorradgottesdienst-Team\u2026","rel":"","context":"In &quot;MoGo 2017&quot;","block_context":{"text":"MoGo 2017","link":"https:\/\/bikerstammtisch-kiebitzreihe.de\/?cat=83"},"img":{"alt_text":"","src":"","width":0,"height":0},"classes":[]},{"id":4304,"url":"https:\/\/bikerstammtisch-kiebitzreihe.de\/?page_id=4304","url_meta":{"origin":3122,"position":2},"title":"Flyer MoGo 2019","author":"Helge","date":"26. April 2019","format":false,"excerpt":"MoGo Kiebitzreihe 2019 Flyer Vorderseite Mogo Kiebitzreihe 2019 Flyer R\u00fcckseite","rel":"","context":"In &quot;MoGo 2019&quot;","block_context":{"text":"MoGo 2019","link":"https:\/\/bikerstammtisch-kiebitzreihe.de\/?cat=327"},"img":{"alt_text":"","src":"https:\/\/i0.wp.com\/bikerstammtisch-kiebitzreihe.de\/wp-content\/uploads\/2019\/04\/MoGo2019-141x300.jpg?resize=350%2C200","width":350,"height":200},"classes":[]},{"id":3130,"url":"https:\/\/bikerstammtisch-kiebitzreihe.de\/?page_id=3130","url_meta":{"origin":3122,"position":3},"title":"Presseberichte","author":"Helge","date":"2. Februar 2018","format":false,"excerpt":"","rel":"","context":"In &quot;MoGo 2018&quot;","block_context":{"text":"MoGo 2018","link":"https:\/\/bikerstammtisch-kiebitzreihe.de\/?cat=84"},"img":{"alt_text":"","src":"https:\/\/i0.wp.com\/bikerstammtisch-kiebitzreihe.de\/wp-content\/uploads\/2018\/06\/Juryergebnis-Gottesdienstpreis-2018-215x300.jpg?resize=350%2C200","width":350,"height":200},"classes":[]},{"id":3184,"url":"https:\/\/bikerstammtisch-kiebitzreihe.de\/?page_id=3184","url_meta":{"origin":3122,"position":4},"title":"Gru\u00dfwort","author":"Helge","date":"12. Februar 2018","format":false,"excerpt":"Hier kannst du den Flyer herunterladen:\u00a0Flyer MoGo 2016 Gru\u00dfwort und Konzeptionelle \u00dcberlegungen im Hinblick auf die Durchf\u00fchrung des 3. Motorradgottesdienstes Kiebitzreihe am 22. Mai 2016 \u00a0 R\u00fcckblick Der Evangelisch-Lutherischen Kirche zugewandte Motorradfahrer aus Kiebitzreihe (Kreis Steinburg\/SH) um Initiator Gunter Martens und der damalige Pastor Dr. Zerrath haben 2013 einen ersten\u2026","rel":"","context":"In &quot;MoGo 2016&quot;","block_context":{"text":"MoGo 2016","link":"https:\/\/bikerstammtisch-kiebitzreihe.de\/?cat=82"},"img":{"alt_text":"","src":"","width":0,"height":0},"classes":[]},{"id":3116,"url":"https:\/\/bikerstammtisch-kiebitzreihe.de\/?page_id=3116","url_meta":{"origin":3122,"position":5},"title":"Flyer MoGo 2017","author":"Helge","date":"2. Februar 2018","format":false,"excerpt":"","rel":"","context":"In &quot;MoGo 2017&quot;","block_context":{"text":"MoGo 2017","link":"https:\/\/bikerstammtisch-kiebitzreihe.de\/?cat=83"},"img":{"alt_text":"","src":"https:\/\/i0.wp.com\/bikerstammtisch-kiebitzreihe.de\/wp-content\/uploads\/2018\/02\/Flyer-Vorderseite-141x300.jpg?resize=350%2C200","width":350,"height":200},"classes":[]}],"jetpack_likes_enabled":true,"jetpack_sharing_enabled":true,"_links":{"self":[{"href":"https:\/\/bikerstammtisch-kiebitzreihe.de\/index.php?rest_route=\/wp\/v2\/pages\/3122","targetHints":{"allow":["GET"]}}],"collection":[{"href":"https:\/\/bikerstammtisch-kiebitzreihe.de\/index.php?rest_route=\/wp\/v2\/pages"}],"about":[{"href":"https:\/\/bikerstammtisch-kiebitzreihe.de\/index.php?rest_route=\/wp\/v2\/types\/page"}],"author":[{"embeddable":true,"href":"https:\/\/bikerstammtisch-kiebitzreihe.de\/index.php?rest_route=\/wp\/v2\/users\/1"}],"replies":[{"embeddable":true,"href":"https:\/\/bikerstammtisch-kiebitzreihe.de\/index.php?rest_route=%2Fwp%2Fv2%2Fcomments&post=3122"}],"version-history":[{"count":17,"href":"https:\/\/bikerstammtisch-kiebitzreihe.de\/index.php?rest_route=\/wp\/v2\/pages\/3122\/revisions"}],"predecessor-version":[{"id":4348,"href":"https:\/\/bikerstammtisch-kiebitzreihe.de\/index.php?rest_route=\/wp\/v2\/pages\/3122\/revisions\/4348"}],"wp:attachment":[{"href":"https:\/\/bikerstammtisch-kiebitzreihe.de\/index.php?rest_route=%2Fwp%2Fv2%2Fmedia&parent=3122"}],"wp:term":[{"taxonomy":"category","embeddable":true,"href":"https:\/\/bikerstammtisch-kiebitzreihe.de\/index.php?rest_route=%2Fwp%2Fv2%2Fcategories&post=3122"},{"taxonomy":"post_tag","embeddable":true,"href":"https:\/\/bikerstammtisch-kiebitzreihe.de\/index.php?rest_route=%2Fwp%2Fv2%2Ftags&post=3122"}],"curies":[{"name":"wp","href":"https:\/\/api.w.org\/{rel}","templated":true}]}}