{"id":3130,"date":"2018-02-02T10:09:47","date_gmt":"2018-02-02T09:09:47","guid":{"rendered":"http:\/\/bikerstammtisch-kiebitzreihe.de\/?page_id=3130"},"modified":"2018-06-18T20:34:27","modified_gmt":"2018-06-18T18:34:27","slug":"presseberichte2018","status":"publish","type":"page","link":"https:\/\/bikerstammtisch-kiebitzreihe.de\/?page_id=3130","title":{"rendered":"Presseberichte"},"content":{"rendered":"<p><a href=\"https:\/\/i0.wp.com\/bikerstammtisch-kiebitzreihe.de\/wp-content\/uploads\/2018\/06\/Juryergebnis-Gottesdienstpreis-2018.jpg\"><img data-recalc-dims=\"1\" loading=\"lazy\" decoding=\"async\" data-attachment-id=\"3567\" data-permalink=\"https:\/\/bikerstammtisch-kiebitzreihe.de\/?attachment_id=3567\" data-orig-file=\"https:\/\/i0.wp.com\/bikerstammtisch-kiebitzreihe.de\/wp-content\/uploads\/2018\/06\/Juryergebnis-Gottesdienstpreis-2018.jpg?fit=2713%2C3777&amp;ssl=1\" data-orig-size=\"2713,3777\" data-comments-opened=\"1\" data-image-meta=\"{&quot;aperture&quot;:&quot;2.2&quot;,&quot;credit&quot;:&quot;&quot;,&quot;camera&quot;:&quot;SM-G901F&quot;,&quot;caption&quot;:&quot;&quot;,&quot;created_timestamp&quot;:&quot;1529149132&quot;,&quot;copyright&quot;:&quot;&quot;,&quot;focal_length&quot;:&quot;4.8&quot;,&quot;iso&quot;:&quot;200&quot;,&quot;shutter_speed&quot;:&quot;0.030303030303&quot;,&quot;title&quot;:&quot;&quot;,&quot;orientation&quot;:&quot;1&quot;}\" data-image-title=\"Juryergebnis Gottesdienstpreis 2018\" data-image-description=\"\" data-image-caption=\"\" data-large-file=\"https:\/\/i0.wp.com\/bikerstammtisch-kiebitzreihe.de\/wp-content\/uploads\/2018\/06\/Juryergebnis-Gottesdienstpreis-2018.jpg?fit=640%2C890&amp;ssl=1\" class=\"aligncenter size-medium wp-image-3567\" src=\"https:\/\/i0.wp.com\/bikerstammtisch-kiebitzreihe.de\/wp-content\/uploads\/2018\/06\/Juryergebnis-Gottesdienstpreis-2018-215x300.jpg?resize=215%2C300\" alt=\"\" height=\"300\" width=\"215\" srcset=\"https:\/\/i0.wp.com\/bikerstammtisch-kiebitzreihe.de\/wp-content\/uploads\/2018\/06\/Juryergebnis-Gottesdienstpreis-2018.jpg?resize=215%2C300&amp;ssl=1 215w, https:\/\/i0.wp.com\/bikerstammtisch-kiebitzreihe.de\/wp-content\/uploads\/2018\/06\/Juryergebnis-Gottesdienstpreis-2018.jpg?resize=768%2C1069&amp;ssl=1 768w, https:\/\/i0.wp.com\/bikerstammtisch-kiebitzreihe.de\/wp-content\/uploads\/2018\/06\/Juryergebnis-Gottesdienstpreis-2018.jpg?resize=736%2C1024&amp;ssl=1 736w, https:\/\/i0.wp.com\/bikerstammtisch-kiebitzreihe.de\/wp-content\/uploads\/2018\/06\/Juryergebnis-Gottesdienstpreis-2018.jpg?resize=600%2C835&amp;ssl=1 600w, https:\/\/i0.wp.com\/bikerstammtisch-kiebitzreihe.de\/wp-content\/uploads\/2018\/06\/Juryergebnis-Gottesdienstpreis-2018.jpg?resize=1320%2C1838&amp;ssl=1 1320w, https:\/\/i0.wp.com\/bikerstammtisch-kiebitzreihe.de\/wp-content\/uploads\/2018\/06\/Juryergebnis-Gottesdienstpreis-2018.jpg?w=1920&amp;ssl=1 1920w\" sizes=\"auto, (max-width: 215px) 100vw, 215px\" \/><\/a> <a href=\"https:\/\/i0.wp.com\/bikerstammtisch-kiebitzreihe.de\/wp-content\/uploads\/2018\/06\/Bericht-EN-vom-30.05.2018.jpg\"><img data-recalc-dims=\"1\" loading=\"lazy\" decoding=\"async\" data-attachment-id=\"3568\" data-permalink=\"https:\/\/bikerstammtisch-kiebitzreihe.de\/?attachment_id=3568\" data-orig-file=\"https:\/\/i0.wp.com\/bikerstammtisch-kiebitzreihe.de\/wp-content\/uploads\/2018\/06\/Bericht-EN-vom-30.05.2018.jpg?fit=2532%2C2662&amp;ssl=1\" data-orig-size=\"2532,2662\" data-comments-opened=\"1\" data-image-meta=\"{&quot;aperture&quot;:&quot;2.2&quot;,&quot;credit&quot;:&quot;&quot;,&quot;camera&quot;:&quot;SM-G901F&quot;,&quot;caption&quot;:&quot;&quot;,&quot;created_timestamp&quot;:&quot;1529148178&quot;,&quot;copyright&quot;:&quot;&quot;,&quot;focal_length&quot;:&quot;4.8&quot;,&quot;iso&quot;:&quot;400&quot;,&quot;shutter_speed&quot;:&quot;0.030303030303&quot;,&quot;title&quot;:&quot;&quot;,&quot;orientation&quot;:&quot;1&quot;}\" data-image-title=\"Bericht EN vom 30.05.2018\" data-image-description=\"\" data-image-caption=\"\" data-large-file=\"https:\/\/i0.wp.com\/bikerstammtisch-kiebitzreihe.de\/wp-content\/uploads\/2018\/06\/Bericht-EN-vom-30.05.2018.jpg?fit=640%2C673&amp;ssl=1\" class=\"aligncenter size-medium wp-image-3568\" src=\"https:\/\/i0.wp.com\/bikerstammtisch-kiebitzreihe.de\/wp-content\/uploads\/2018\/06\/Bericht-EN-vom-30.05.2018-285x300.jpg?resize=285%2C300\" alt=\"\" height=\"300\" width=\"285\" srcset=\"https:\/\/i0.wp.com\/bikerstammtisch-kiebitzreihe.de\/wp-content\/uploads\/2018\/06\/Bericht-EN-vom-30.05.2018.jpg?resize=285%2C300&amp;ssl=1 285w, https:\/\/i0.wp.com\/bikerstammtisch-kiebitzreihe.de\/wp-content\/uploads\/2018\/06\/Bericht-EN-vom-30.05.2018.jpg?resize=768%2C807&amp;ssl=1 768w, https:\/\/i0.wp.com\/bikerstammtisch-kiebitzreihe.de\/wp-content\/uploads\/2018\/06\/Bericht-EN-vom-30.05.2018.jpg?resize=974%2C1024&amp;ssl=1 974w, https:\/\/i0.wp.com\/bikerstammtisch-kiebitzreihe.de\/wp-content\/uploads\/2018\/06\/Bericht-EN-vom-30.05.2018.jpg?resize=600%2C631&amp;ssl=1 600w, https:\/\/i0.wp.com\/bikerstammtisch-kiebitzreihe.de\/wp-content\/uploads\/2018\/06\/Bericht-EN-vom-30.05.2018.jpg?resize=1320%2C1388&amp;ssl=1 1320w, https:\/\/i0.wp.com\/bikerstammtisch-kiebitzreihe.de\/wp-content\/uploads\/2018\/06\/Bericht-EN-vom-30.05.2018.jpg?w=1920&amp;ssl=1 1920w\" sizes=\"auto, (max-width: 285px) 100vw, 285px\" \/><\/a><\/p>\n<div id=\"attachment_3290\" style=\"width: 216px\" class=\"wp-caption aligncenter\"><a href=\"https:\/\/i0.wp.com\/bikerstammtisch-kiebitzreihe.de\/wp-content\/uploads\/2018\/02\/Kiebitzreihe-aktuell-Dez.-2017-1.jpg\"><img data-recalc-dims=\"1\" loading=\"lazy\" decoding=\"async\" aria-describedby=\"caption-attachment-3290\" data-attachment-id=\"3290\" data-permalink=\"https:\/\/bikerstammtisch-kiebitzreihe.de\/?attachment_id=3290\" data-orig-file=\"https:\/\/i0.wp.com\/bikerstammtisch-kiebitzreihe.de\/wp-content\/uploads\/2018\/02\/Kiebitzreihe-aktuell-Dez.-2017-1.jpg?fit=703%2C1024&amp;ssl=1\" data-orig-size=\"703,1024\" data-comments-opened=\"1\" data-image-meta=\"{&quot;aperture&quot;:&quot;2.2&quot;,&quot;credit&quot;:&quot;&quot;,&quot;camera&quot;:&quot;SM-G901F&quot;,&quot;caption&quot;:&quot;?&quot;,&quot;created_timestamp&quot;:&quot;1518194809&quot;,&quot;copyright&quot;:&quot;&quot;,&quot;focal_length&quot;:&quot;4.8&quot;,&quot;iso&quot;:&quot;100&quot;,&quot;shutter_speed&quot;:&quot;0.030303030303&quot;,&quot;title&quot;:&quot;&quot;,&quot;orientation&quot;:&quot;6&quot;}\" data-image-title=\"Kiebitzreihe aktuell Dez. 2017\" data-image-description=\"\" data-image-caption=\"&lt;p&gt;?&lt;\/p&gt;\n\" data-large-file=\"https:\/\/i0.wp.com\/bikerstammtisch-kiebitzreihe.de\/wp-content\/uploads\/2018\/02\/Kiebitzreihe-aktuell-Dez.-2017-1.jpg?fit=640%2C932&amp;ssl=1\" class=\"size-medium wp-image-3290\" src=\"https:\/\/i0.wp.com\/bikerstammtisch-kiebitzreihe.de\/wp-content\/uploads\/2018\/02\/Kiebitzreihe-aktuell-Dez.-2017-1-206x300.jpg?resize=206%2C300\" alt=\"\" height=\"300\" width=\"206\" srcset=\"https:\/\/i0.wp.com\/bikerstammtisch-kiebitzreihe.de\/wp-content\/uploads\/2018\/02\/Kiebitzreihe-aktuell-Dez.-2017-1.jpg?resize=206%2C300&amp;ssl=1 206w, https:\/\/i0.wp.com\/bikerstammtisch-kiebitzreihe.de\/wp-content\/uploads\/2018\/02\/Kiebitzreihe-aktuell-Dez.-2017-1.jpg?w=703&amp;ssl=1 703w, https:\/\/i0.wp.com\/bikerstammtisch-kiebitzreihe.de\/wp-content\/uploads\/2018\/02\/Kiebitzreihe-aktuell-Dez.-2017-1.jpg?resize=600%2C874&amp;ssl=1 600w\" sizes=\"auto, (max-width: 206px) 100vw, 206px\" \/><\/a><p id=\"caption-attachment-3290\" class=\"wp-caption-text\">&nbsp; Kiebitzreihe aktuell 12.2017<\/p><\/div>\n<div id=\"attachment_3425\" style=\"width: 310px\" class=\"wp-caption aligncenter\"><a href=\"https:\/\/i0.wp.com\/bikerstammtisch-kiebitzreihe.de\/wp-content\/uploads\/2018\/05\/Moin-Holstein-Mai-2018.jpg\"><img data-recalc-dims=\"1\" loading=\"lazy\" decoding=\"async\" aria-describedby=\"caption-attachment-3425\" data-attachment-id=\"3425\" data-permalink=\"https:\/\/bikerstammtisch-kiebitzreihe.de\/?attachment_id=3425\" data-orig-file=\"https:\/\/i0.wp.com\/bikerstammtisch-kiebitzreihe.de\/wp-content\/uploads\/2018\/05\/Moin-Holstein-Mai-2018.jpg?fit=3601%2C2868&amp;ssl=1\" data-orig-size=\"3601,2868\" data-comments-opened=\"1\" data-image-meta=\"{&quot;aperture&quot;:&quot;3.7&quot;,&quot;credit&quot;:&quot;&quot;,&quot;camera&quot;:&quot;COOLPIX S9900&quot;,&quot;caption&quot;:&quot;&quot;,&quot;created_timestamp&quot;:&quot;-62169984000&quot;,&quot;copyright&quot;:&quot;&quot;,&quot;focal_length&quot;:&quot;4.5&quot;,&quot;iso&quot;:&quot;250&quot;,&quot;shutter_speed&quot;:&quot;0.0333333333333&quot;,&quot;title&quot;:&quot;&quot;,&quot;orientation&quot;:&quot;1&quot;}\" data-image-title=\"Moin Holstein Mai 2018\" data-image-description=\"\" data-image-caption=\"&lt;p&gt;Artikel zum MoGo 2018 &amp;#8211; Moin Hollstein &amp;#8211; Ausgabe 05.2018&lt;\/p&gt;\n\" data-large-file=\"https:\/\/i0.wp.com\/bikerstammtisch-kiebitzreihe.de\/wp-content\/uploads\/2018\/05\/Moin-Holstein-Mai-2018.jpg?fit=640%2C510&amp;ssl=1\" class=\"size-medium wp-image-3425\" src=\"https:\/\/i0.wp.com\/bikerstammtisch-kiebitzreihe.de\/wp-content\/uploads\/2018\/05\/Moin-Holstein-Mai-2018-300x239.jpg?resize=300%2C239\" alt=\"Artikel zum MoGo 2018 - Moin Hollstein - Ausgabe 05.2018\" height=\"239\" width=\"300\" srcset=\"https:\/\/i0.wp.com\/bikerstammtisch-kiebitzreihe.de\/wp-content\/uploads\/2018\/05\/Moin-Holstein-Mai-2018.jpg?resize=300%2C239&amp;ssl=1 300w, https:\/\/i0.wp.com\/bikerstammtisch-kiebitzreihe.de\/wp-content\/uploads\/2018\/05\/Moin-Holstein-Mai-2018.jpg?resize=768%2C612&amp;ssl=1 768w, https:\/\/i0.wp.com\/bikerstammtisch-kiebitzreihe.de\/wp-content\/uploads\/2018\/05\/Moin-Holstein-Mai-2018.jpg?resize=1024%2C816&amp;ssl=1 1024w, https:\/\/i0.wp.com\/bikerstammtisch-kiebitzreihe.de\/wp-content\/uploads\/2018\/05\/Moin-Holstein-Mai-2018.jpg?resize=600%2C478&amp;ssl=1 600w, https:\/\/i0.wp.com\/bikerstammtisch-kiebitzreihe.de\/wp-content\/uploads\/2018\/05\/Moin-Holstein-Mai-2018.jpg?resize=1320%2C1051&amp;ssl=1 1320w, https:\/\/i0.wp.com\/bikerstammtisch-kiebitzreihe.de\/wp-content\/uploads\/2018\/05\/Moin-Holstein-Mai-2018.jpg?w=1920&amp;ssl=1 1920w\" sizes=\"auto, (max-width: 300px) 100vw, 300px\" \/><\/a><p id=\"caption-attachment-3425\" class=\"wp-caption-text\">Artikel zum MoGo 2018 &#8211; Moin Hollstein &#8211; Ausgabe 05.2018<\/p><\/div>\n<p><a href=\"https:\/\/i0.wp.com\/bikerstammtisch-kiebitzreihe.de\/wp-content\/uploads\/2018\/05\/DSCN0657.jpg\"><img data-recalc-dims=\"1\" loading=\"lazy\" decoding=\"async\" data-attachment-id=\"3432\" data-permalink=\"https:\/\/bikerstammtisch-kiebitzreihe.de\/?attachment_id=3432\" data-orig-file=\"https:\/\/i0.wp.com\/bikerstammtisch-kiebitzreihe.de\/wp-content\/uploads\/2018\/05\/DSCN0657.jpg?fit=475%2C1024&amp;ssl=1\" data-orig-size=\"475,1024\" data-comments-opened=\"1\" data-image-meta=\"{&quot;aperture&quot;:&quot;4.2&quot;,&quot;credit&quot;:&quot;&quot;,&quot;camera&quot;:&quot;COOLPIX S9900&quot;,&quot;caption&quot;:&quot;&quot;,&quot;created_timestamp&quot;:&quot;-62169984000&quot;,&quot;copyright&quot;:&quot;&quot;,&quot;focal_length&quot;:&quot;7.6&quot;,&quot;iso&quot;:&quot;125&quot;,&quot;shutter_speed&quot;:&quot;0.01&quot;,&quot;title&quot;:&quot;&quot;,&quot;orientation&quot;:&quot;1&quot;}\" data-image-title=\"MoGo 2018\" data-image-description=\"\" data-image-caption=\"\" data-large-file=\"https:\/\/i0.wp.com\/bikerstammtisch-kiebitzreihe.de\/wp-content\/uploads\/2018\/05\/DSCN0657.jpg?fit=475%2C1024&amp;ssl=1\" class=\"aligncenter size-medium wp-image-3432\" src=\"https:\/\/i0.wp.com\/bikerstammtisch-kiebitzreihe.de\/wp-content\/uploads\/2018\/05\/DSCN0657-139x300.jpg?resize=139%2C300\" alt=\"MoGo2018\" height=\"300\" width=\"139\" srcset=\"https:\/\/i0.wp.com\/bikerstammtisch-kiebitzreihe.de\/wp-content\/uploads\/2018\/05\/DSCN0657.jpg?resize=139%2C300&amp;ssl=1 139w, https:\/\/i0.wp.com\/bikerstammtisch-kiebitzreihe.de\/wp-content\/uploads\/2018\/05\/DSCN0657.jpg?w=475&amp;ssl=1 475w\" sizes=\"auto, (max-width: 139px) 100vw, 139px\" \/><\/a> <a href=\"https:\/\/i0.wp.com\/bikerstammtisch-kiebitzreihe.de\/wp-content\/uploads\/2018\/05\/DSCN0656.jpg\"><img data-recalc-dims=\"1\" loading=\"lazy\" decoding=\"async\" data-attachment-id=\"3433\" data-permalink=\"https:\/\/bikerstammtisch-kiebitzreihe.de\/?attachment_id=3433\" data-orig-file=\"https:\/\/i0.wp.com\/bikerstammtisch-kiebitzreihe.de\/wp-content\/uploads\/2018\/05\/DSCN0656.jpg?fit=718%2C1024&amp;ssl=1\" data-orig-size=\"718,1024\" data-comments-opened=\"1\" data-image-meta=\"{&quot;aperture&quot;:&quot;4.2&quot;,&quot;credit&quot;:&quot;&quot;,&quot;camera&quot;:&quot;COOLPIX S9900&quot;,&quot;caption&quot;:&quot;&quot;,&quot;created_timestamp&quot;:&quot;-62169984000&quot;,&quot;copyright&quot;:&quot;&quot;,&quot;focal_length&quot;:&quot;7.6&quot;,&quot;iso&quot;:&quot;125&quot;,&quot;shutter_speed&quot;:&quot;0.0166666666667&quot;,&quot;title&quot;:&quot;&quot;,&quot;orientation&quot;:&quot;1&quot;}\" data-image-title=\"DSCN0656\" data-image-description=\"\" data-image-caption=\"\" data-large-file=\"https:\/\/i0.wp.com\/bikerstammtisch-kiebitzreihe.de\/wp-content\/uploads\/2018\/05\/DSCN0656.jpg?fit=640%2C913&amp;ssl=1\" class=\"aligncenter wp-image-3433 size-medium\" src=\"https:\/\/i0.wp.com\/bikerstammtisch-kiebitzreihe.de\/wp-content\/uploads\/2018\/05\/DSCN0656-210x300.jpg?resize=210%2C300\" alt=\"MoGo2018\" height=\"300\" width=\"210\" srcset=\"https:\/\/i0.wp.com\/bikerstammtisch-kiebitzreihe.de\/wp-content\/uploads\/2018\/05\/DSCN0656.jpg?resize=210%2C300&amp;ssl=1 210w, https:\/\/i0.wp.com\/bikerstammtisch-kiebitzreihe.de\/wp-content\/uploads\/2018\/05\/DSCN0656.jpg?w=718&amp;ssl=1 718w, https:\/\/i0.wp.com\/bikerstammtisch-kiebitzreihe.de\/wp-content\/uploads\/2018\/05\/DSCN0656.jpg?resize=600%2C856&amp;ssl=1 600w\" sizes=\"auto, (max-width: 210px) 100vw, 210px\" \/><\/a> <a href=\"https:\/\/i0.wp.com\/bikerstammtisch-kiebitzreihe.de\/wp-content\/uploads\/2018\/05\/DSCN0655.jpg\"><img data-recalc-dims=\"1\" loading=\"lazy\" decoding=\"async\" data-attachment-id=\"3434\" data-permalink=\"https:\/\/bikerstammtisch-kiebitzreihe.de\/?attachment_id=3434\" data-orig-file=\"https:\/\/i0.wp.com\/bikerstammtisch-kiebitzreihe.de\/wp-content\/uploads\/2018\/05\/DSCN0655.jpg?fit=719%2C1024&amp;ssl=1\" data-orig-size=\"719,1024\" data-comments-opened=\"1\" data-image-meta=\"{&quot;aperture&quot;:&quot;4.2&quot;,&quot;credit&quot;:&quot;&quot;,&quot;camera&quot;:&quot;COOLPIX S9900&quot;,&quot;caption&quot;:&quot;&quot;,&quot;created_timestamp&quot;:&quot;-62169984000&quot;,&quot;copyright&quot;:&quot;&quot;,&quot;focal_length&quot;:&quot;7.6&quot;,&quot;iso&quot;:&quot;125&quot;,&quot;shutter_speed&quot;:&quot;0.0125&quot;,&quot;title&quot;:&quot;&quot;,&quot;orientation&quot;:&quot;1&quot;}\" data-image-title=\"DSCN0655\" data-image-description=\"\" data-image-caption=\"\" data-large-file=\"https:\/\/i0.wp.com\/bikerstammtisch-kiebitzreihe.de\/wp-content\/uploads\/2018\/05\/DSCN0655.jpg?fit=640%2C911&amp;ssl=1\" class=\"aligncenter wp-image-3434 size-medium\" src=\"https:\/\/i0.wp.com\/bikerstammtisch-kiebitzreihe.de\/wp-content\/uploads\/2018\/05\/DSCN0655-211x300.jpg?resize=211%2C300\" alt=\"MoGo2018\" height=\"300\" width=\"211\" srcset=\"https:\/\/i0.wp.com\/bikerstammtisch-kiebitzreihe.de\/wp-content\/uploads\/2018\/05\/DSCN0655.jpg?resize=211%2C300&amp;ssl=1 211w, https:\/\/i0.wp.com\/bikerstammtisch-kiebitzreihe.de\/wp-content\/uploads\/2018\/05\/DSCN0655.jpg?w=719&amp;ssl=1 719w, https:\/\/i0.wp.com\/bikerstammtisch-kiebitzreihe.de\/wp-content\/uploads\/2018\/05\/DSCN0655.jpg?resize=600%2C855&amp;ssl=1 600w\" sizes=\"auto, (max-width: 211px) 100vw, 211px\" \/><\/a><a href=\"https:\/\/i0.wp.com\/bikerstammtisch-kiebitzreihe.de\/wp-content\/uploads\/2018\/05\/IMG-20180523-WA0001.jpg\"><img data-recalc-dims=\"1\" loading=\"lazy\" decoding=\"async\" data-attachment-id=\"3459\" data-permalink=\"https:\/\/bikerstammtisch-kiebitzreihe.de\/?attachment_id=3459\" data-orig-file=\"https:\/\/i0.wp.com\/bikerstammtisch-kiebitzreihe.de\/wp-content\/uploads\/2018\/05\/IMG-20180523-WA0001.jpg?fit=740%2C1280&amp;ssl=1\" data-orig-size=\"740,1280\" data-comments-opened=\"1\" data-image-meta=\"{&quot;aperture&quot;:&quot;0&quot;,&quot;credit&quot;:&quot;&quot;,&quot;camera&quot;:&quot;&quot;,&quot;caption&quot;:&quot;&quot;,&quot;created_timestamp&quot;:&quot;0&quot;,&quot;copyright&quot;:&quot;&quot;,&quot;focal_length&quot;:&quot;0&quot;,&quot;iso&quot;:&quot;0&quot;,&quot;shutter_speed&quot;:&quot;0&quot;,&quot;title&quot;:&quot;&quot;,&quot;orientation&quot;:&quot;0&quot;}\" data-image-title=\"MoGo 2018\" data-image-description=\"\" data-image-caption=\"\" data-large-file=\"https:\/\/i0.wp.com\/bikerstammtisch-kiebitzreihe.de\/wp-content\/uploads\/2018\/05\/IMG-20180523-WA0001.jpg?fit=592%2C1024&amp;ssl=1\" class=\"aligncenter size-medium wp-image-3459\" src=\"https:\/\/i0.wp.com\/bikerstammtisch-kiebitzreihe.de\/wp-content\/uploads\/2018\/05\/IMG-20180523-WA0001-173x300.jpg?resize=173%2C300\" alt=\"MoGo 2018\" height=\"300\" width=\"173\" srcset=\"https:\/\/i0.wp.com\/bikerstammtisch-kiebitzreihe.de\/wp-content\/uploads\/2018\/05\/IMG-20180523-WA0001.jpg?resize=173%2C300&amp;ssl=1 173w, https:\/\/i0.wp.com\/bikerstammtisch-kiebitzreihe.de\/wp-content\/uploads\/2018\/05\/IMG-20180523-WA0001.jpg?resize=592%2C1024&amp;ssl=1 592w, https:\/\/i0.wp.com\/bikerstammtisch-kiebitzreihe.de\/wp-content\/uploads\/2018\/05\/IMG-20180523-WA0001.jpg?resize=600%2C1038&amp;ssl=1 600w, https:\/\/i0.wp.com\/bikerstammtisch-kiebitzreihe.de\/wp-content\/uploads\/2018\/05\/IMG-20180523-WA0001.jpg?w=740&amp;ssl=1 740w\" sizes=\"auto, (max-width: 173px) 100vw, 173px\" \/><\/a><\/p>\n","protected":false},"excerpt":{"rendered":"","protected":false},"author":1,"featured_media":0,"parent":0,"menu_order":0,"comment_status":"closed","ping_status":"closed","template":"","meta":{"ngg_post_thumbnail":0,"jetpack_post_was_ever_published":false,"footnotes":""},"categories":[84],"tags":[],"class_list":["post-3130","page","type-page","status-publish","hentry","category-motorradgottesdienst2018"],"aioseo_notices":[],"jetpack_shortlink":"https:\/\/wp.me\/P8QhLS-Ou","jetpack-related-posts":[{"id":2014,"url":"https:\/\/bikerstammtisch-kiebitzreihe.de\/?page_id=2014","url_meta":{"origin":3130,"position":0},"title":"Bilder von Ausfahrten 2017","author":"Helge","date":"3. Juli 2017","format":false,"excerpt":"Ausfahrt 30.07.2017 Weserberglandtour 2017 Tourbericht Fr. 7.7.2017\u00a0Tourbericht Sa. 8.7.2017 Tour 2.07.17\u00a0- Bericht \u00a0","rel":"","context":"\u00c4hnlicher Beitrag","block_context":{"text":"\u00c4hnlicher Beitrag","link":""},"img":{"alt_text":"","src":"","width":0,"height":0},"classes":[]},{"id":2864,"url":"https:\/\/bikerstammtisch-kiebitzreihe.de\/?page_id=2864","url_meta":{"origin":3130,"position":1},"title":"Harzbuchungen","author":"Helge","date":"9. Oktober 2017","format":false,"excerpt":"[eme_bookings id=58 template_id=15]","rel":"","context":"In &quot;Ausfahrten&quot;","block_context":{"text":"Ausfahrten","link":"https:\/\/bikerstammtisch-kiebitzreihe.de\/?cat=21"},"img":{"alt_text":"","src":"","width":0,"height":0},"classes":[]},{"id":3902,"url":"https:\/\/bikerstammtisch-kiebitzreihe.de\/?page_id=3902","url_meta":{"origin":3130,"position":2},"title":"Sauerlandbuchungen","author":"Helge","date":"9. Dezember 2018","format":false,"excerpt":"[eme_bookings id=85 template_id=15]","rel":"","context":"In &quot;Ausfahrten&quot;","block_context":{"text":"Ausfahrten","link":"https:\/\/bikerstammtisch-kiebitzreihe.de\/?cat=21"},"img":{"alt_text":"","src":"","width":0,"height":0},"classes":[]},{"id":3005,"url":"https:\/\/bikerstammtisch-kiebitzreihe.de\/?page_id=3005","url_meta":{"origin":3130,"position":3},"title":"FAQ &#8211; Fragen","author":"Helge","date":"12. November 2017","format":false,"excerpt":"","rel":"","context":"In &quot;Intressantes&quot;","block_context":{"text":"Intressantes","link":"https:\/\/bikerstammtisch-kiebitzreihe.de\/?cat=5"},"img":{"alt_text":"","src":"","width":0,"height":0},"classes":[]},{"id":2773,"url":"https:\/\/bikerstammtisch-kiebitzreihe.de\/?page_id=2773","url_meta":{"origin":3130,"position":4},"title":"Gr\u00fcnkohlessen","author":"Helge","date":"6. Oktober 2017","format":false,"excerpt":"Hier k\u00f6nnt Ihr sehen, wer sich f\u00fcr das Gr\u00fcnkohlessen\u00a0 angemeldet hat. Am 18.11. wird diese Liste als feste Zusage angesehen. [eme_bookings id=29 template_id=8 template_id_header=9 template_id_footer=10]","rel":"","context":"In &quot;Veranstaltung&quot;","block_context":{"text":"Veranstaltung","link":"https:\/\/bikerstammtisch-kiebitzreihe.de\/?cat=61"},"img":{"alt_text":"","src":"","width":0,"height":0},"classes":[]},{"id":93,"url":"https:\/\/bikerstammtisch-kiebitzreihe.de\/?page_id=93","url_meta":{"origin":3130,"position":5},"title":"Kontakt","author":"Helge","date":"14. Juni 2017","format":false,"excerpt":"Auf dieser Seite k\u00f6nnen Sie mit uns in Kontakt treten. Bitte senden Sie die Nachricht nur ab, wenn sie keine Werbung enth\u00e4lt und keine SEO Ma\u00dfnahmen und dergleichen enth\u00e4llt. K\u00fcnstliche Intelligenz ist uns auch v\u00f6llig schnuppe! Einfach keine Werbung schicken, DANKE!!! \u00a0","rel":"","context":"\u00c4hnlicher Beitrag","block_context":{"text":"\u00c4hnlicher Beitrag","link":""},"img":{"alt_text":"","src":"","width":0,"height":0},"classes":[]}],"jetpack_likes_enabled":true,"jetpack_sharing_enabled":true,"_links":{"self":[{"href":"https:\/\/bikerstammtisch-kiebitzreihe.de\/index.php?rest_route=\/wp\/v2\/pages\/3130","targetHints":{"allow":["GET"]}}],"collection":[{"href":"https:\/\/bikerstammtisch-kiebitzreihe.de\/index.php?rest_route=\/wp\/v2\/pages"}],"about":[{"href":"https:\/\/bikerstammtisch-kiebitzreihe.de\/index.php?rest_route=\/wp\/v2\/types\/page"}],"author":[{"embeddable":true,"href":"https:\/\/bikerstammtisch-kiebitzreihe.de\/index.php?rest_route=\/wp\/v2\/users\/1"}],"replies":[{"embeddable":true,"href":"https:\/\/bikerstammtisch-kiebitzreihe.de\/index.php?rest_route=%2Fwp%2Fv2%2Fcomments&post=3130"}],"version-history":[{"count":9,"href":"https:\/\/bikerstammtisch-kiebitzreihe.de\/index.php?rest_route=\/wp\/v2\/pages\/3130\/revisions"}],"predecessor-version":[{"id":3569,"href":"https:\/\/bikerstammtisch-kiebitzreihe.de\/index.php?rest_route=\/wp\/v2\/pages\/3130\/revisions\/3569"}],"wp:attachment":[{"href":"https:\/\/bikerstammtisch-kiebitzreihe.de\/index.php?rest_route=%2Fwp%2Fv2%2Fmedia&parent=3130"}],"wp:term":[{"taxonomy":"category","embeddable":true,"href":"https:\/\/bikerstammtisch-kiebitzreihe.de\/index.php?rest_route=%2Fwp%2Fv2%2Fcategories&post=3130"},{"taxonomy":"post_tag","embeddable":true,"href":"https:\/\/bikerstammtisch-kiebitzreihe.de\/index.php?rest_route=%2Fwp%2Fv2%2Ftags&post=3130"}],"curies":[{"name":"wp","href":"https:\/\/api.w.org\/{rel}","templated":true}]}}