{"id":3184,"date":"2018-02-12T13:49:05","date_gmt":"2018-02-12T12:49:05","guid":{"rendered":"http:\/\/bikerstammtisch-kiebitzreihe.de\/?page_id=3184"},"modified":"2018-02-12T14:41:03","modified_gmt":"2018-02-12T13:41:03","slug":"grusswort","status":"publish","type":"page","link":"https:\/\/bikerstammtisch-kiebitzreihe.de\/?page_id=3184","title":{"rendered":"Gru\u00dfwort"},"content":{"rendered":"<p>Hier kannst du den Flyer herunterladen:&nbsp;<a href=\"http:\/\/bikerstammtisch-kiebitzreihe.de\/wp-content\/uploads\/2018\/02\/Flyer2016.pdf\" target=\"_blank\" rel=\"noopener\">Flyer MoGo 2016<\/a><\/p>\n<p><strong><u>Gru\u00dfwort und Konzeptionelle \u00dcberlegungen <\/u><\/strong><\/p>\n<p>im Hinblick auf die Durchf\u00fchrung des 3. Motorradgottesdienstes Kiebitzreihe<\/p>\n<p>am 22. Mai 2016<\/p>\n<p>&nbsp;<\/p>\n<p><strong><u>R\u00fcckblick<\/u><\/strong><\/p>\n<p>Der Evangelisch-Lutherischen Kirche zugewandte Motorradfahrer aus Kiebitzreihe (Kreis Steinburg\/SH) um Initiator Gunter Martens und der damalige Pastor Dr. Zerrath haben 2013 einen ersten Motorradgottesdienst in der Gemeinde veranstaltet. Das Motorradgottesdienst-Team hat sich aus Mitgliedern des \u00f6rtlichen Bikerstammtischs rekrutiert.<\/p>\n<p>&nbsp;<\/p>\n<p>Beim ersten und den folgenden eigenen Motorradgottesdiensten in Kiebitzreihe wollte das Organisationsteam keine andere Veranstaltung kopieren und\/oder nachmachen, sondern es soll stets ein akribisch auf ein Leitthema zugeschnittener, moderner und pers\u00f6nlich ber\u00fchrender Gottesdienst werden, der auch seltene Kirchenbesucher bzw. Motorradfahrer aus der Umgebung anspricht.<\/p>\n<p>&nbsp;<\/p>\n<p><strong><u>MoGo am 22. Mai 2016<\/u><\/strong><\/p>\n<p>Als Pastorin hatte ich erst kurze Zeit zuvor die vakante Stelle im Dorf \u00fcbernommen. So war es f\u00fcr mich der erste Motorradgottesdienst meiner jungen beruflichen Laufbahn. Gemeinsam ist man ja bekanntlich stark und so begannen wir als Team schon etwa 6 Monate vor dem Termin des Motorradgottesdienstes Kiebitzreihe mit den Vorbereitungen. Nach einem Brainstorming mit anschlie\u00dfender intensiver Diskussion wurde zun\u00e4chst das Leitthema \u201e<strong>Freiheit erfahren<\/strong>\u201c ausgew\u00e4hlt, das sich sehr gut verwenden lie\u00df, um das Thema in vieler Hinsicht zu hinterfragen (siehe Predigt).<\/p>\n<p>&nbsp;<\/p>\n<p>Zusammen mit den Vortragenden und den Musikern und S\u00e4ngern hat sich das Veranstalter-Team mit der Pastorin Miriam Nohr gedanklich damit besch\u00e4ftigt, zum Leitthema passende Musik auszuw\u00e4hlen. Die Wahl fiel dabei auf eine Saxophon-Band bestehend aus vier Frauen und als Pendant 4 Gesangssch\u00fclerinnen einer privaten Musikschule aus Elmshorn mit Klavierbegleitung ihres Schulleiters. Alle St\u00fccke eigneten sich thematisch wunderbar und wurden von den Vortragenden perfekt einstudiert. Problematisch war die Bindung der Musikerinnen bzw. S\u00e4ngerinnen, da der Bikerstammtisch kein Budget hatte, aus dem vierstimmiges Notenmaterial und Auslagen f\u00fcr die Gagen bezahlt werden sollten. Hier waren die veranstaltenden Biker auf Spenden und eines Teils der Kollekte angewiesen. Alle beteiligten \u201eK\u00fcnstler\u201c identifizierten sich mit dem \u201eProjekt\u201c und waren in der Vorbereitungszeit hoch motiviert und freuten sich auf den Auftritt beim Motorradgottesdienst.<\/p>\n<p>&nbsp;<\/p>\n<p>Gespielt bzw. gesungen wurden: \u201eThe Prince of Denmark\u2019s March\u201d von Jeremiah Clarke; \u201cHit the Road Jack\u201d von Ray Charles; \u201cMorgenlicht leuchtet\u201c (nach der Melodie von \u201eMorning has broken\u201c; \u201eFreedom\u201c von George Michael; \u201cViva la Vida\u201d von Coldplay; \u201eFreiheit\u201c von Marius M\u00fcller-Westernhagen; \u201eMit vollen H\u00e4nden\u201c von Sarah Connor sowie \u201cMambo No. 5\u201d von Lou Bega. Alle Darbietenden ernteten kr\u00e4ftigen Applaus von den Kirchenbesuchern.<\/p>\n<p>&nbsp;<\/p>\n<p>Aufw\u00e4ndig waren auch die Erstellung, der Druck und die Verteilung von Plakaten und Flyern. Auch erfolgten Eintr\u00e4ge auf speziellen Internetseiten sowie in Motorradzeitschriften und es fanden diverse Proben in der Kirche statt. Vor dem Gottesdienst wurden am 22. Mai 2016 blaue Segensb\u00e4nder abgegeben, die die Biker an ihre Motorr\u00e4dern banden und damit signalisierten, dass sie mit der gelebten Idee des MoGo\u2019s Kiebitzreihe, diesem mitgestalteten Gottesdienst, konform gehen. Diverse zuvor eingerichtete Teams \u00fcbernahmen mit Eifer ihre \u201eRolle\u201c und schafften dadurch ein Wir-Gef\u00fchl.<\/p>\n<p>&nbsp;<\/p>\n<p>Um aus dem Motorradgottesdienst ein \u201eEvent\u201c zu machen, wurde f\u00fcr die weit angereisten Besucher ein Bikerfr\u00fchst\u00fcck arrangiert. Der von der Verkehrsaufsicht genehmigte Motorradkorso von etwa 2 Stunden durch die Umgebung sowie die anschlie\u00dfende R\u00fcckkehr der Motorradfahrer zur Kirche klappte dank der Blocker vorz\u00fcglich. Anschlie\u00dfend wurde im Gemeindesaal der von Spendern mitgebrachte Kaffee und Kuchen gereicht. Zur R\u00fcckkehr in die Kirche entschieden sich relativ viele der mitgefahrenen Biker. Beg\u00fcnstigt durch das tolle sonnige Wetter konnten die Motorradfahrer anschlie\u00dfend interessante Gespr\u00e4che \u00fcber den Gottesdienst und das Erlebte in und um die Christuskirche Kiebitzreihe f\u00fchren.<\/p>\n<p>&nbsp;<\/p>\n<p>Dieser Gottesdienst wandte sich sowohl an evangelische wie auch katholische Besucher. Dabei spielte die religi\u00f6se Herkunft oder Glaubensrichtung der Besucher keine Rolle, alle Interessierten waren gleicherma\u00dfen willkommen. Den Gottesdienst besuchten auch verschiedene Fl\u00fcchtlinge aus Syrien, Afghanistan und dem Irak, die sich mehr und mehr in das Gemeindeleben mit einbringen.<\/p>\n<p>&nbsp;<\/p>\n<p>Jeder Besucher erhielt beim Betreten der Kirche ein Liedblatt. Pastorin und Vortragende wurden mit Mikrofonen ausgestattet, so dass das Verstehen auch noch in der letzten Reihe der vollbesetzten Kirche gew\u00e4hrleistet war.<\/p>\n<p>&nbsp;<\/p>\n<p><strong><u>Fazit<\/u><\/strong><\/p>\n<p>Der Motorradgottesdienst hat sich trotz einer Pause im Jahre 2015 gut im Dorf etabliert und hat sich zu einen \u201eInstitution\u201c entwickelt. Mittlerweile hat der MoGo in Kiebitzreihe auch in gr\u00f6\u00dferer Entfernung einen gewissen Bekanntheitsgrad erreicht und wird im Dorf sehr gesch\u00e4tzt.<\/p>\n<p>&nbsp;<\/p>\n<p>gez. Miriam Nohr<\/p>\n<p>Pastorin<\/p>\n","protected":false},"excerpt":{"rendered":"<p>Hier kannst du den Flyer herunterladen:&nbsp;Flyer MoGo 2016 Gru\u00dfwort und Konzeptionelle \u00dcberlegungen im Hinblick auf die Durchf\u00fchrung des 3. Motorradgottesdienstes Kiebitzreihe am 22. Mai 2016 &nbsp; R\u00fcckblick Der Evangelisch-Lutherischen Kirche zugewandte Motorradfahrer aus Kiebitzreihe (Kreis Steinburg\/SH) um Initiator Gunter Martens &hellip; <a href=\"https:\/\/bikerstammtisch-kiebitzreihe.de\/?page_id=3184\">Weiterlesen <span class=\"meta-nav\">&rarr;<\/span><\/a><\/p>\n","protected":false},"author":1,"featured_media":0,"parent":0,"menu_order":0,"comment_status":"closed","ping_status":"closed","template":"","meta":{"ngg_post_thumbnail":0,"jetpack_post_was_ever_published":false,"footnotes":""},"categories":[82],"tags":[],"class_list":["post-3184","page","type-page","status-publish","hentry","category-motorradgottesdienst2016"],"aioseo_notices":[],"jetpack_shortlink":"https:\/\/wp.me\/P8QhLS-Pm","jetpack-related-posts":[{"id":3282,"url":"https:\/\/bikerstammtisch-kiebitzreihe.de\/?page_id=3282","url_meta":{"origin":3184,"position":0},"title":"Grusswort","author":"Helge","date":"12. Februar 2018","format":false,"excerpt":"Gru\u00dfwort und Konzeptionelle \u00dcberlegungen im Hinblick auf die Durchf\u00fchrung des 4. Motorradgottesdienstes Kiebitzreihe am 18. Mai 2017 \u00a0 \u00a0 R\u00fcckblick Der Evangelisch-Lutherischen Kirche zugewandte Motorradfahrer aus Kiebitzreihe (Kreis Steinburg\/SH) um Initiator Gunter Martens und der damalige Pastor Dr. Zerrath haben 2013 einen ersten Motorradgottesdienst in der Gemeinde veranstaltet. Das Motorradgottesdienst-Team\u2026","rel":"","context":"In &quot;MoGo 2017&quot;","block_context":{"text":"MoGo 2017","link":"https:\/\/bikerstammtisch-kiebitzreihe.de\/?cat=83"},"img":{"alt_text":"","src":"","width":0,"height":0},"classes":[]},{"id":3120,"url":"https:\/\/bikerstammtisch-kiebitzreihe.de\/?page_id=3120","url_meta":{"origin":3184,"position":1},"title":"Flyer MoGo 2018","author":"Helge","date":"2. Februar 2018","format":false,"excerpt":"\u00a0 Mogo Kiebitzreihe 2018 Flyer Vorderseite Mogo Kiebitzreihe 2018 Flyer R\u00fcckseite","rel":"","context":"In &quot;MoGo 2018&quot;","block_context":{"text":"MoGo 2018","link":"https:\/\/bikerstammtisch-kiebitzreihe.de\/?cat=84"},"img":{"alt_text":"","src":"https:\/\/i0.wp.com\/bikerstammtisch-kiebitzreihe.de\/wp-content\/uploads\/2018\/02\/mehrMogo_1-155x300.jpg?resize=350%2C200","width":350,"height":200},"classes":[]},{"id":4304,"url":"https:\/\/bikerstammtisch-kiebitzreihe.de\/?page_id=4304","url_meta":{"origin":3184,"position":2},"title":"Flyer MoGo 2019","author":"Helge","date":"26. April 2019","format":false,"excerpt":"MoGo Kiebitzreihe 2019 Flyer Vorderseite Mogo Kiebitzreihe 2019 Flyer R\u00fcckseite","rel":"","context":"In &quot;MoGo 2019&quot;","block_context":{"text":"MoGo 2019","link":"https:\/\/bikerstammtisch-kiebitzreihe.de\/?cat=327"},"img":{"alt_text":"","src":"https:\/\/i0.wp.com\/bikerstammtisch-kiebitzreihe.de\/wp-content\/uploads\/2019\/04\/MoGo2019-141x300.jpg?resize=350%2C200","width":350,"height":200},"classes":[]},{"id":3116,"url":"https:\/\/bikerstammtisch-kiebitzreihe.de\/?page_id=3116","url_meta":{"origin":3184,"position":3},"title":"Flyer MoGo 2017","author":"Helge","date":"2. Februar 2018","format":false,"excerpt":"","rel":"","context":"In &quot;MoGo 2017&quot;","block_context":{"text":"MoGo 2017","link":"https:\/\/bikerstammtisch-kiebitzreihe.de\/?cat=83"},"img":{"alt_text":"","src":"https:\/\/i0.wp.com\/bikerstammtisch-kiebitzreihe.de\/wp-content\/uploads\/2018\/02\/Flyer-Vorderseite-141x300.jpg?resize=350%2C200","width":350,"height":200},"classes":[]},{"id":3130,"url":"https:\/\/bikerstammtisch-kiebitzreihe.de\/?page_id=3130","url_meta":{"origin":3184,"position":4},"title":"Presseberichte","author":"Helge","date":"2. Februar 2018","format":false,"excerpt":"","rel":"","context":"In &quot;MoGo 2018&quot;","block_context":{"text":"MoGo 2018","link":"https:\/\/bikerstammtisch-kiebitzreihe.de\/?cat=84"},"img":{"alt_text":"","src":"https:\/\/i0.wp.com\/bikerstammtisch-kiebitzreihe.de\/wp-content\/uploads\/2018\/06\/Juryergebnis-Gottesdienstpreis-2018-215x300.jpg?resize=350%2C200","width":350,"height":200},"classes":[]},{"id":3108,"url":"https:\/\/bikerstammtisch-kiebitzreihe.de\/?page_id=3108","url_meta":{"origin":3184,"position":5},"title":"Presseberichte","author":"Helge","date":"2. Februar 2018","format":false,"excerpt":"","rel":"","context":"In &quot;MoGo 2016&quot;","block_context":{"text":"MoGo 2016","link":"https:\/\/bikerstammtisch-kiebitzreihe.de\/?cat=82"},"img":{"alt_text":"","src":"https:\/\/i0.wp.com\/bikerstammtisch-kiebitzreihe.de\/wp-content\/uploads\/2018\/02\/Kiebitzreihe-aktuell-Nr.-60-300x276.jpeg?resize=350%2C200","width":350,"height":200},"classes":[]}],"jetpack_likes_enabled":true,"jetpack_sharing_enabled":true,"_links":{"self":[{"href":"https:\/\/bikerstammtisch-kiebitzreihe.de\/index.php?rest_route=\/wp\/v2\/pages\/3184","targetHints":{"allow":["GET"]}}],"collection":[{"href":"https:\/\/bikerstammtisch-kiebitzreihe.de\/index.php?rest_route=\/wp\/v2\/pages"}],"about":[{"href":"https:\/\/bikerstammtisch-kiebitzreihe.de\/index.php?rest_route=\/wp\/v2\/types\/page"}],"author":[{"embeddable":true,"href":"https:\/\/bikerstammtisch-kiebitzreihe.de\/index.php?rest_route=\/wp\/v2\/users\/1"}],"replies":[{"embeddable":true,"href":"https:\/\/bikerstammtisch-kiebitzreihe.de\/index.php?rest_route=%2Fwp%2Fv2%2Fcomments&post=3184"}],"version-history":[{"count":3,"href":"https:\/\/bikerstammtisch-kiebitzreihe.de\/index.php?rest_route=\/wp\/v2\/pages\/3184\/revisions"}],"predecessor-version":[{"id":3220,"href":"https:\/\/bikerstammtisch-kiebitzreihe.de\/index.php?rest_route=\/wp\/v2\/pages\/3184\/revisions\/3220"}],"wp:attachment":[{"href":"https:\/\/bikerstammtisch-kiebitzreihe.de\/index.php?rest_route=%2Fwp%2Fv2%2Fmedia&parent=3184"}],"wp:term":[{"taxonomy":"category","embeddable":true,"href":"https:\/\/bikerstammtisch-kiebitzreihe.de\/index.php?rest_route=%2Fwp%2Fv2%2Fcategories&post=3184"},{"taxonomy":"post_tag","embeddable":true,"href":"https:\/\/bikerstammtisch-kiebitzreihe.de\/index.php?rest_route=%2Fwp%2Fv2%2Ftags&post=3184"}],"curies":[{"name":"wp","href":"https:\/\/api.w.org\/{rel}","templated":true}]}}