{"id":340,"date":"2017-06-17T11:27:43","date_gmt":"2017-06-17T09:27:43","guid":{"rendered":"http:\/\/bikerstammtisch-kiebitzreihe.de\/?page_id=340"},"modified":"2017-08-14T19:44:20","modified_gmt":"2017-08-14T17:44:20","slug":"linksammlung","status":"publish","type":"page","link":"https:\/\/bikerstammtisch-kiebitzreihe.de\/?page_id=340","title":{"rendered":"Linksammlung"},"content":{"rendered":"<p>Hier pr\u00e4sentieren wir euch Ausflugsziele, Unterk\u00fcnfte, L\u00e4den usw. welche irgendwann schon mal irgendwie im Zusammenhang mit dem Bikerstammtisch standen.<\/p>\n<p><em>Bitte kommentiert die Seite, wenn ihr etwas aufgenommen haben wollt.<\/em><\/p>\n<p><strong>Unterk\u00fcnfte<\/strong><\/p>\n<p style=\"padding-left: 30px;\"><a href=\"http:\/\/www.dasgutshaus.de\/\" target=\"_blank\" rel=\"noopener\">Das Gutshaus<\/a><br \/>\n<a href=\"http:\/\/www.bikerwirt-harz.de\/\" target=\"_blank\" rel=\"noopener\">Bikerwirt-Harz<\/a><br \/>\n<a href=\"http:\/\/www.landgasthauszurlinde.de\/\" target=\"_blank\" rel=\"noopener\">Landgasthaus &#8220;Zur Linde&#8221;<\/a><br \/>\n<a href=\"http:\/\/www.landgasthof-hessenmuehle.de\/\" target=\"_blank\" rel=\"noopener\">Hessenm\u00fchle<\/a><br \/>\n<a href=\"http:\/\/www.znaimer-hof.de\/\" target=\"_blank\" rel=\"noopener\">Znaimer Hof<\/a><br \/>\n<a href=\"http:\/\/www.landgasthof-jossgrund.de\/\" target=\"_blank\" rel=\"noopener\">Landgasthof &#8220;Zum Jossgrund&#8221;<\/a><\/p>\n<p><strong>Ausflugsziele<\/strong><\/p>\n<p style=\"padding-left: 30px;\"><a href=\"http:\/\/www.klimahaus-bremerhaven.de\/\" target=\"_blank\" rel=\"noopener\">Klimahaus Bremerhaven<\/a><br \/>\n<a href=\"http:\/\/dah-bremerhaven.de\/\" target=\"_blank\" rel=\"noopener\">Deutsches Auswandererhaus<\/a><\/p>\n<p><strong>L\u00e4den<\/strong><\/p>\n<p style=\"padding-left: 30px;\"><a href=\"http:\/\/motorradteile-preiswert-kaufen.de\/\" target=\"_blank\" rel=\"noopener\">Motorradteile Jens Lindemann<\/a><br \/>\n<a href=\"http:\/\/www.honda-elmshorn.de\/\" target=\"_blank\" rel=\"noopener\">Kindel &amp; Wetzel<\/a><br \/>\n<a href=\"http:\/\/jbmotorcycles.com\/\" target=\"_blank\" rel=\"noopener\">JB Motocycles<\/a><\/p>\n<p><strong>Cafes usw.<\/strong><\/p>\n<p style=\"padding-left: 30px;\"><a href=\"https:\/\/www.facebook.com\/search\/top\/?q=Kiebitz%20Klause\" target=\"_blank\" rel=\"noopener\">Kiebitz Klause<br \/>\n<\/a><a href=\"https:\/\/www.kiebitzreihe.de\" target=\"_blank\" rel=\"noopener\">Gemeinde Kiebitzreihe<\/a><\/p>\n<p><strong>Haftung f\u00fcr Links<\/strong><\/p>\n<p>Unser Angebot enth\u00e4lt Links zu externen Webseiten Dritter, auf deren Inhalte wir keinen Einfluss haben. Deshalb k\u00f6nnen wir f\u00fcr diese fremden Inhalte auch keine Gew\u00e4hr \u00fcbernehmen. F\u00fcr die Inhalte der verlinkten Seiten ist stets der jeweilige Anbieter oder Betreiber der Seiten verantwortlich. Die verlinkten Seiten wurden zum Zeitpunkt der Verlinkung auf m\u00f6gliche Rechtsverst\u00f6\u00dfe \u00fcberpr\u00fcft. Rechtswidrige Inhalte waren zum Zeitpunkt der Verlinkung nicht erkennbar.<\/p>\n<p>Eine permanente inhaltliche Kontrolle der verlinkten Seiten ist jedoch ohne konkrete Anhaltspunkte einer Rechtsverletzung nicht zumutbar. Bei Bekanntwerden von Rechtsverletzungen werden wir derartige Links umgehend entfernen.<\/p>\n","protected":false},"excerpt":{"rendered":"<p>Hier pr\u00e4sentieren wir euch Ausflugsziele, Unterk\u00fcnfte, L\u00e4den usw. welche irgendwann schon mal irgendwie im Zusammenhang mit dem Bikerstammtisch standen. Bitte kommentiert die Seite, wenn ihr etwas aufgenommen haben wollt. Unterk\u00fcnfte Das Gutshaus Bikerwirt-Harz Landgasthaus &#8220;Zur Linde&#8221; Hessenm\u00fchle Znaimer Hof Landgasthof &hellip; <a href=\"https:\/\/bikerstammtisch-kiebitzreihe.de\/?page_id=340\">Weiterlesen <span class=\"meta-nav\">&rarr;<\/span><\/a><\/p>\n","protected":false},"author":1,"featured_media":0,"parent":0,"menu_order":0,"comment_status":"open","ping_status":"closed","template":"","meta":{"ngg_post_thumbnail":0,"jetpack_post_was_ever_published":false,"footnotes":""},"categories":[],"tags":[],"class_list":["post-340","page","type-page","status-publish","hentry"],"aioseo_notices":[],"jetpack_shortlink":"https:\/\/wp.me\/P8QhLS-5u","jetpack-related-posts":[],"jetpack_likes_enabled":true,"jetpack_sharing_enabled":false,"_links":{"self":[{"href":"https:\/\/bikerstammtisch-kiebitzreihe.de\/index.php?rest_route=\/wp\/v2\/pages\/340","targetHints":{"allow":["GET"]}}],"collection":[{"href":"https:\/\/bikerstammtisch-kiebitzreihe.de\/index.php?rest_route=\/wp\/v2\/pages"}],"about":[{"href":"https:\/\/bikerstammtisch-kiebitzreihe.de\/index.php?rest_route=\/wp\/v2\/types\/page"}],"author":[{"embeddable":true,"href":"https:\/\/bikerstammtisch-kiebitzreihe.de\/index.php?rest_route=\/wp\/v2\/users\/1"}],"replies":[{"embeddable":true,"href":"https:\/\/bikerstammtisch-kiebitzreihe.de\/index.php?rest_route=%2Fwp%2Fv2%2Fcomments&post=340"}],"version-history":[{"count":11,"href":"https:\/\/bikerstammtisch-kiebitzreihe.de\/index.php?rest_route=\/wp\/v2\/pages\/340\/revisions"}],"predecessor-version":[{"id":2232,"href":"https:\/\/bikerstammtisch-kiebitzreihe.de\/index.php?rest_route=\/wp\/v2\/pages\/340\/revisions\/2232"}],"wp:attachment":[{"href":"https:\/\/bikerstammtisch-kiebitzreihe.de\/index.php?rest_route=%2Fwp%2Fv2%2Fmedia&parent=340"}],"wp:term":[{"taxonomy":"category","embeddable":true,"href":"https:\/\/bikerstammtisch-kiebitzreihe.de\/index.php?rest_route=%2Fwp%2Fv2%2Fcategories&post=340"},{"taxonomy":"post_tag","embeddable":true,"href":"https:\/\/bikerstammtisch-kiebitzreihe.de\/index.php?rest_route=%2Fwp%2Fv2%2Ftags&post=340"}],"curies":[{"name":"wp","href":"https:\/\/api.w.org\/{rel}","templated":true}]}}