{"id":425,"date":"2017-06-23T15:48:54","date_gmt":"2017-06-23T13:48:54","guid":{"rendered":"http:\/\/bikerstammtisch-kiebitzreihe.de\/?page_id=425"},"modified":"2017-06-26T10:42:47","modified_gmt":"2017-06-26T08:42:47","slug":"profilpflege","status":"publish","type":"page","link":"https:\/\/bikerstammtisch-kiebitzreihe.de\/?page_id=425","title":{"rendered":"Profilpflege"},"content":{"rendered":"<p>Als angemeldeter Benutzer, kannst du hier dein Profilbild \u00e4ndern.<\/p>\n<hr>\n<p class=\"warning\" id=\"wppb_edit_profile_user_not_logged_in_message\">Sie m\u00fcssen angemeldet sein, um Ihr Profil zu bearbeiten.<\/p>\n<hr>\n\n","protected":false},"excerpt":{"rendered":"<p>Als angemeldeter Benutzer, kannst du hier dein Profilbild \u00e4ndern.<\/p>\n","protected":false},"author":1,"featured_media":0,"parent":40,"menu_order":0,"comment_status":"closed","ping_status":"closed","template":"profil_avatar.php","meta":{"ngg_post_thumbnail":0,"jetpack_post_was_ever_published":false,"footnotes":""},"categories":[],"tags":[],"class_list":["post-425","page","type-page","status-publish","hentry"],"aioseo_notices":[],"jetpack_shortlink":"https:\/\/wp.me\/P8QhLS-6R","jetpack-related-posts":[{"id":3184,"url":"https:\/\/bikerstammtisch-kiebitzreihe.de\/?page_id=3184","url_meta":{"origin":425,"position":0},"title":"Gru\u00dfwort","author":"Helge","date":"12. Februar 2018","format":false,"excerpt":"Hier kannst du den Flyer herunterladen:\u00a0Flyer MoGo 2016 Gru\u00dfwort und Konzeptionelle \u00dcberlegungen im Hinblick auf die Durchf\u00fchrung des 3. Motorradgottesdienstes Kiebitzreihe am 22. Mai 2016 \u00a0 R\u00fcckblick Der Evangelisch-Lutherischen Kirche zugewandte Motorradfahrer aus Kiebitzreihe (Kreis Steinburg\/SH) um Initiator Gunter Martens und der damalige Pastor Dr. Zerrath haben 2013 einen ersten\u2026","rel":"","context":"In &quot;MoGo 2016&quot;","block_context":{"text":"MoGo 2016","link":"https:\/\/bikerstammtisch-kiebitzreihe.de\/?cat=82"},"img":{"alt_text":"","src":"","width":0,"height":0},"classes":[]},{"id":2773,"url":"https:\/\/bikerstammtisch-kiebitzreihe.de\/?page_id=2773","url_meta":{"origin":425,"position":1},"title":"Gr\u00fcnkohlessen","author":"Helge","date":"6. Oktober 2017","format":false,"excerpt":"Hier k\u00f6nnt Ihr sehen, wer sich f\u00fcr das Gr\u00fcnkohlessen\u00a0 angemeldet hat. Am 18.11. wird diese Liste als feste Zusage angesehen. [eme_bookings id=29 template_id=8 template_id_header=9 template_id_footer=10]","rel":"","context":"In &quot;Veranstaltung&quot;","block_context":{"text":"Veranstaltung","link":"https:\/\/bikerstammtisch-kiebitzreihe.de\/?cat=61"},"img":{"alt_text":"","src":"","width":0,"height":0},"classes":[]},{"id":823,"url":"https:\/\/bikerstammtisch-kiebitzreihe.de\/?page_id=823","url_meta":{"origin":425,"position":2},"title":"Zeitraum Ausfahrt 2018","author":"Helge","date":"28. Juni 2017","format":false,"excerpt":"Liebe Biker, f\u00fcr die Harz-Tour 2018 stehen nun zwei Termine zur Auswahl. Wenn ihr Interesse habt an dieser Tour teilzunehmen, dann k\u00f6nnt ihr hier \u00fcber den Zeitraum abstimmen. Das Ziel steht fest --> Bikerwirt in Blankenburg UPDATE 16.11.17: Das Ziel hat sich ge\u00e4ndert, es ist jetzt das Hotel Niedersachsen. Alles\u2026","rel":"","context":"\u00c4hnlicher Beitrag","block_context":{"text":"\u00c4hnlicher Beitrag","link":""},"img":{"alt_text":"","src":"","width":0,"height":0},"classes":[]},{"id":452,"url":"https:\/\/bikerstammtisch-kiebitzreihe.de\/?page_id=452","url_meta":{"origin":425,"position":3},"title":"WhatsApp &#8211; Gruppen","author":"Helge","date":"25. Juni 2017","format":false,"excerpt":"Die Whatsappgruppe \"Bikerstammtisch\" ist euch ja vielleicht bekannt. Im laufe der Zeit, sind einige von euch in die Gruppe gegangen und auch wieder verschwunden. Vielen von euch waren es einfach zu viele Funposts, welche nichts mit dem Stammtisch oder gar mit Motorrad fahren zu tun haben. Vielleicht k\u00f6nnen wir das\u2026","rel":"","context":"\u00c4hnlicher Beitrag","block_context":{"text":"\u00c4hnlicher Beitrag","link":""},"img":{"alt_text":"","src":"","width":0,"height":0},"classes":[]},{"id":281,"url":"https:\/\/bikerstammtisch-kiebitzreihe.de\/?page_id=281","url_meta":{"origin":425,"position":4},"title":"Datenschutzerkl\u00e4rung","author":"Helge","date":"15. Juni 2017","format":false,"excerpt":"Datenschutzerkl\u00e4rung \u00a0 Diese Datenschutzerkl\u00e4rung kl\u00e4rt Sie \u00fcber die Art, den Umfang und Zweck der Verarbeitung von personenbezogenen Daten (nachfolgend kurz \u201eDaten\u201c) innerhalb unseres Onlineangebotes und der mit ihm verbundenen Webseiten, Funktionen und Inhalte sowie externen Onlinepr\u00e4senzen, wie z.B. unser Social Media Profile auf (nachfolgend gemeinsam bezeichnet als \u201eOnlineangebot\u201c). Im Hinblick\u2026","rel":"","context":"\u00c4hnlicher Beitrag","block_context":{"text":"\u00c4hnlicher Beitrag","link":""},"img":{"alt_text":"","src":"","width":0,"height":0},"classes":[]},{"id":2748,"url":"https:\/\/bikerstammtisch-kiebitzreihe.de\/?page_id=2748","url_meta":{"origin":425,"position":5},"title":"Teilnahmeliste Harz 2018","author":"Helge","date":"3. Oktober 2017","format":false,"excerpt":"Hier k\u00f6nnt Ihr sehen, wer sich f\u00fcr die Tour in den Harz 2018 mit wieviel Teilnehmern angemeldet hat. Viel wichtiger ist allerdings, das Ihr euch beim Hotel, selbst, angemeldet habt. Nat\u00fcrlich ist es gut, f\u00fcr uns diese \u00dcbersicht zu haben und ich w\u00fcrde Euch bitten, hier auch Eure Teilnahme mitzuteilen.\u2026","rel":"","context":"In &quot;Ausfahrten&quot;","block_context":{"text":"Ausfahrten","link":"https:\/\/bikerstammtisch-kiebitzreihe.de\/?cat=21"},"img":{"alt_text":"","src":"","width":0,"height":0},"classes":[]}],"jetpack_likes_enabled":true,"jetpack_sharing_enabled":true,"_links":{"self":[{"href":"https:\/\/bikerstammtisch-kiebitzreihe.de\/index.php?rest_route=\/wp\/v2\/pages\/425","targetHints":{"allow":["GET"]}}],"collection":[{"href":"https:\/\/bikerstammtisch-kiebitzreihe.de\/index.php?rest_route=\/wp\/v2\/pages"}],"about":[{"href":"https:\/\/bikerstammtisch-kiebitzreihe.de\/index.php?rest_route=\/wp\/v2\/types\/page"}],"author":[{"embeddable":true,"href":"https:\/\/bikerstammtisch-kiebitzreihe.de\/index.php?rest_route=\/wp\/v2\/users\/1"}],"replies":[{"embeddable":true,"href":"https:\/\/bikerstammtisch-kiebitzreihe.de\/index.php?rest_route=%2Fwp%2Fv2%2Fcomments&post=425"}],"version-history":[{"count":4,"href":"https:\/\/bikerstammtisch-kiebitzreihe.de\/index.php?rest_route=\/wp\/v2\/pages\/425\/revisions"}],"predecessor-version":[{"id":484,"href":"https:\/\/bikerstammtisch-kiebitzreihe.de\/index.php?rest_route=\/wp\/v2\/pages\/425\/revisions\/484"}],"up":[{"embeddable":true,"href":"https:\/\/bikerstammtisch-kiebitzreihe.de\/index.php?rest_route=\/wp\/v2\/pages\/40"}],"wp:attachment":[{"href":"https:\/\/bikerstammtisch-kiebitzreihe.de\/index.php?rest_route=%2Fwp%2Fv2%2Fmedia&parent=425"}],"wp:term":[{"taxonomy":"category","embeddable":true,"href":"https:\/\/bikerstammtisch-kiebitzreihe.de\/index.php?rest_route=%2Fwp%2Fv2%2Fcategories&post=425"},{"taxonomy":"post_tag","embeddable":true,"href":"https:\/\/bikerstammtisch-kiebitzreihe.de\/index.php?rest_route=%2Fwp%2Fv2%2Ftags&post=425"}],"curies":[{"name":"wp","href":"https:\/\/api.w.org\/{rel}","templated":true}]}}