{"id":4304,"date":"2019-04-26T13:40:05","date_gmt":"2019-04-26T11:40:05","guid":{"rendered":"http:\/\/bikerstammtisch-kiebitzreihe.de\/?page_id=4304"},"modified":"2019-04-26T21:30:26","modified_gmt":"2019-04-26T19:30:26","slug":"flyer2018-2","status":"publish","type":"page","link":"https:\/\/bikerstammtisch-kiebitzreihe.de\/?page_id=4304","title":{"rendered":"Flyer MoGo 2019"},"content":{"rendered":"<p><a href=\"http:\/\/bikerstammtisch-kiebitzreihe.de\/wp-content\/uploads\/2019\/04\/Mogo_Flyer_2019_Front_01.pdf\">MoGo Kiebitzreihe 2019 Flyer Vorderseite<\/a><\/p>\n<p><a href=\"http:\/\/bikerstammtisch-kiebitzreihe.de\/wp-content\/uploads\/2019\/04\/Mogo_Flyer_2019_Back_02.pdf\">Mogo Kiebitzreihe 2019 Flyer R\u00fcckseite<\/a><\/p>\n<p><a href=\"https:\/\/i0.wp.com\/bikerstammtisch-kiebitzreihe.de\/wp-content\/uploads\/2019\/04\/MoGo2019.jpg\"><img data-recalc-dims=\"1\" loading=\"lazy\" decoding=\"async\" data-attachment-id=\"4324\" data-permalink=\"https:\/\/bikerstammtisch-kiebitzreihe.de\/?attachment_id=4324\" data-orig-file=\"https:\/\/i0.wp.com\/bikerstammtisch-kiebitzreihe.de\/wp-content\/uploads\/2019\/04\/MoGo2019.jpg?fit=333%2C709&amp;ssl=1\" data-orig-size=\"333,709\" data-comments-opened=\"1\" data-image-meta=\"{&quot;aperture&quot;:&quot;0&quot;,&quot;credit&quot;:&quot;&quot;,&quot;camera&quot;:&quot;&quot;,&quot;caption&quot;:&quot;&quot;,&quot;created_timestamp&quot;:&quot;0&quot;,&quot;copyright&quot;:&quot;&quot;,&quot;focal_length&quot;:&quot;0&quot;,&quot;iso&quot;:&quot;0&quot;,&quot;shutter_speed&quot;:&quot;0&quot;,&quot;title&quot;:&quot;&quot;,&quot;orientation&quot;:&quot;0&quot;}\" data-image-title=\"MoGo2019\" data-image-description=\"\" data-image-caption=\"\" data-medium-file=\"https:\/\/i0.wp.com\/bikerstammtisch-kiebitzreihe.de\/wp-content\/uploads\/2019\/04\/MoGo2019.jpg?fit=141%2C300&amp;ssl=1\" data-large-file=\"https:\/\/i0.wp.com\/bikerstammtisch-kiebitzreihe.de\/wp-content\/uploads\/2019\/04\/MoGo2019.jpg?fit=333%2C709&amp;ssl=1\" class=\"aligncenter  wp-image-4324\" src=\"https:\/\/i0.wp.com\/bikerstammtisch-kiebitzreihe.de\/wp-content\/uploads\/2019\/04\/MoGo2019-141x300.jpg?resize=212%2C451\" alt=\"\" width=\"212\" height=\"451\" srcset=\"https:\/\/i0.wp.com\/bikerstammtisch-kiebitzreihe.de\/wp-content\/uploads\/2019\/04\/MoGo2019.jpg?resize=141%2C300&amp;ssl=1 141w, https:\/\/i0.wp.com\/bikerstammtisch-kiebitzreihe.de\/wp-content\/uploads\/2019\/04\/MoGo2019.jpg?w=333&amp;ssl=1 333w\" sizes=\"auto, (max-width: 212px) 100vw, 212px\" \/><\/a><\/p>\n","protected":false},"excerpt":{"rendered":"<p>MoGo Kiebitzreihe 2019 Flyer Vorderseite Mogo Kiebitzreihe 2019 Flyer R\u00fcckseite<\/p>\n","protected":false},"author":1,"featured_media":0,"parent":0,"menu_order":0,"comment_status":"closed","ping_status":"closed","template":"","meta":{"ngg_post_thumbnail":0,"jetpack_post_was_ever_published":false,"footnotes":""},"categories":[327],"tags":[],"class_list":["post-4304","page","type-page","status-publish","hentry","category-motorradgottesdienst2019"],"aioseo_notices":[],"jetpack_shortlink":"https:\/\/wp.me\/P8QhLS-17q","jetpack-related-posts":[{"id":3120,"url":"https:\/\/bikerstammtisch-kiebitzreihe.de\/?page_id=3120","url_meta":{"origin":4304,"position":0},"title":"Flyer MoGo 2018","author":"Helge","date":"2. Februar 2018","format":false,"excerpt":"\u00a0 Mogo Kiebitzreihe 2018 Flyer Vorderseite Mogo Kiebitzreihe 2018 Flyer R\u00fcckseite","rel":"","context":"In &quot;MoGo 2018&quot;","block_context":{"text":"MoGo 2018","link":"https:\/\/bikerstammtisch-kiebitzreihe.de\/?cat=84"},"img":{"alt_text":"","src":"https:\/\/i0.wp.com\/bikerstammtisch-kiebitzreihe.de\/wp-content\/uploads\/2018\/02\/mehrMogo_1-155x300.jpg?resize=350%2C200","width":350,"height":200},"classes":[]},{"id":3116,"url":"https:\/\/bikerstammtisch-kiebitzreihe.de\/?page_id=3116","url_meta":{"origin":4304,"position":1},"title":"Flyer MoGo 2017","author":"Helge","date":"2. Februar 2018","format":false,"excerpt":"","rel":"","context":"In &quot;MoGo 2017&quot;","block_context":{"text":"MoGo 2017","link":"https:\/\/bikerstammtisch-kiebitzreihe.de\/?cat=83"},"img":{"alt_text":"","src":"https:\/\/i0.wp.com\/bikerstammtisch-kiebitzreihe.de\/wp-content\/uploads\/2018\/02\/Flyer-Vorderseite-141x300.jpg?resize=350%2C200","width":350,"height":200},"classes":[]},{"id":4306,"url":"https:\/\/bikerstammtisch-kiebitzreihe.de\/?page_id=4306","url_meta":{"origin":4304,"position":2},"title":"Fotos","author":"Helge","date":"26. April 2019","format":false,"excerpt":"Fotos erscheinen erst Mitte Juni.","rel":"","context":"In &quot;MoGo 2019&quot;","block_context":{"text":"MoGo 2019","link":"https:\/\/bikerstammtisch-kiebitzreihe.de\/?cat=327"},"img":{"alt_text":"","src":"","width":0,"height":0},"classes":[]},{"id":4308,"url":"https:\/\/bikerstammtisch-kiebitzreihe.de\/?page_id=4308","url_meta":{"origin":4304,"position":3},"title":"Pressemitteilungen","author":"Helge","date":"26. April 2019","format":false,"excerpt":"Hier sammeln wir unsere Artikel aus den Medien.","rel":"","context":"In &quot;MoGo 2019&quot;","block_context":{"text":"MoGo 2019","link":"https:\/\/bikerstammtisch-kiebitzreihe.de\/?cat=327"},"img":{"alt_text":"","src":"","width":0,"height":0},"classes":[]},{"id":3130,"url":"https:\/\/bikerstammtisch-kiebitzreihe.de\/?page_id=3130","url_meta":{"origin":4304,"position":4},"title":"Presseberichte","author":"Helge","date":"2. Februar 2018","format":false,"excerpt":"","rel":"","context":"In &quot;MoGo 2018&quot;","block_context":{"text":"MoGo 2018","link":"https:\/\/bikerstammtisch-kiebitzreihe.de\/?cat=84"},"img":{"alt_text":"","src":"https:\/\/i0.wp.com\/bikerstammtisch-kiebitzreihe.de\/wp-content\/uploads\/2018\/06\/Juryergebnis-Gottesdienstpreis-2018-215x300.jpg?resize=350%2C200","width":350,"height":200},"classes":[]},{"id":3184,"url":"https:\/\/bikerstammtisch-kiebitzreihe.de\/?page_id=3184","url_meta":{"origin":4304,"position":5},"title":"Gru\u00dfwort","author":"Helge","date":"12. Februar 2018","format":false,"excerpt":"Hier kannst du den Flyer herunterladen:\u00a0Flyer MoGo 2016 Gru\u00dfwort und Konzeptionelle \u00dcberlegungen im Hinblick auf die Durchf\u00fchrung des 3. Motorradgottesdienstes Kiebitzreihe am 22. Mai 2016 \u00a0 R\u00fcckblick Der Evangelisch-Lutherischen Kirche zugewandte Motorradfahrer aus Kiebitzreihe (Kreis Steinburg\/SH) um Initiator Gunter Martens und der damalige Pastor Dr. Zerrath haben 2013 einen ersten\u2026","rel":"","context":"In &quot;MoGo 2016&quot;","block_context":{"text":"MoGo 2016","link":"https:\/\/bikerstammtisch-kiebitzreihe.de\/?cat=82"},"img":{"alt_text":"","src":"","width":0,"height":0},"classes":[]}],"jetpack_likes_enabled":true,"jetpack_sharing_enabled":true,"_links":{"self":[{"href":"https:\/\/bikerstammtisch-kiebitzreihe.de\/index.php?rest_route=\/wp\/v2\/pages\/4304","targetHints":{"allow":["GET"]}}],"collection":[{"href":"https:\/\/bikerstammtisch-kiebitzreihe.de\/index.php?rest_route=\/wp\/v2\/pages"}],"about":[{"href":"https:\/\/bikerstammtisch-kiebitzreihe.de\/index.php?rest_route=\/wp\/v2\/types\/page"}],"author":[{"embeddable":true,"href":"https:\/\/bikerstammtisch-kiebitzreihe.de\/index.php?rest_route=\/wp\/v2\/users\/1"}],"replies":[{"embeddable":true,"href":"https:\/\/bikerstammtisch-kiebitzreihe.de\/index.php?rest_route=%2Fwp%2Fv2%2Fcomments&post=4304"}],"version-history":[{"count":3,"href":"https:\/\/bikerstammtisch-kiebitzreihe.de\/index.php?rest_route=\/wp\/v2\/pages\/4304\/revisions"}],"predecessor-version":[{"id":4325,"href":"https:\/\/bikerstammtisch-kiebitzreihe.de\/index.php?rest_route=\/wp\/v2\/pages\/4304\/revisions\/4325"}],"wp:attachment":[{"href":"https:\/\/bikerstammtisch-kiebitzreihe.de\/index.php?rest_route=%2Fwp%2Fv2%2Fmedia&parent=4304"}],"wp:term":[{"taxonomy":"category","embeddable":true,"href":"https:\/\/bikerstammtisch-kiebitzreihe.de\/index.php?rest_route=%2Fwp%2Fv2%2Fcategories&post=4304"},{"taxonomy":"post_tag","embeddable":true,"href":"https:\/\/bikerstammtisch-kiebitzreihe.de\/index.php?rest_route=%2Fwp%2Fv2%2Ftags&post=4304"}],"curies":[{"name":"wp","href":"https:\/\/api.w.org\/{rel}","templated":true}]}}